{"id":32658,"date":"2025-01-18T15:37:26","date_gmt":"2025-01-18T10:07:26","guid":{"rendered":"https:\/\/auroville.media\/?page_id=32658"},"modified":"2025-01-18T16:04:36","modified_gmt":"2025-01-18T10:34:36","slug":"auroville-in-crisis-and-the-way-forward","status":"publish","type":"page","link":"https:\/\/auroville.media\/fr\/auroville-in-crisis-and-the-way-forward\/","title":{"rendered":"Auroville en crise et la voie \u00e0 suivre"},"content":{"rendered":"<div data-elementor-type=\"wp-page\" data-elementor-id=\"32658\" class=\"elementor elementor-32658\" data-elementor-post-type=\"page\">\n\t\t\t\t\t\t<section class=\"elementor-section elementor-top-section elementor-element elementor-element-1dcc5abb elementor-section-full_width elementor-section-height-min-height elementor-section-items-stretch elementor-section-content-bottom elementor-section-height-default\" data-id=\"1dcc5abb\" data-element_type=\"section\" data-e-type=\"section\" data-settings=\"{&quot;background_background&quot;:&quot;classic&quot;}\">\n\t\t\t\t\t\t<div class=\"elementor-container elementor-column-gap-no\">\n\t\t\t\t\t<div class=\"elementor-column elementor-col-50 elementor-top-column elementor-element elementor-element-6d253dae\" data-id=\"6d253dae\" data-element_type=\"column\" data-e-type=\"column\" data-settings=\"{&quot;background_background&quot;:&quot;gradient&quot;}\">\n\t\t\t<div class=\"elementor-widget-wrap elementor-element-populated\">\n\t\t\t\t\t\t<section class=\"elementor-section elementor-inner-section elementor-element elementor-element-41d3fd8 elementor-section-boxed elementor-section-height-default elementor-section-height-default\" data-id=\"41d3fd8\" data-element_type=\"section\" data-e-type=\"section\">\n\t\t\t\t\t\t<div class=\"elementor-container elementor-column-gap-default\">\n\t\t\t\t\t<div class=\"elementor-column elementor-col-100 elementor-inner-column elementor-element elementor-element-cd7f42e\" data-id=\"cd7f42e\" data-element_type=\"column\" data-e-type=\"column\">\n\t\t\t<div class=\"elementor-widget-wrap elementor-element-populated\">\n\t\t\t\t\t\t<div class=\"elementor-element elementor-element-8ba6f6f elementor-widget elementor-widget-heading\" data-id=\"8ba6f6f\" data-element_type=\"widget\" data-e-type=\"widget\" data-widget_type=\"heading.default\">\n\t\t\t\t<div class=\"elementor-widget-container\">\n\t\t\t\t\t<h6 class=\"elementor-heading-title elementor-size-medium\">Auroville en crise<\/BR>et la voie \u00e0 suivre<\/h6>\t\t\t\t<\/div>\n\t\t\t\t<\/div>\n\t\t\t\t<div class=\"elementor-element elementor-element-890f8b3 elementor-widget elementor-widget-heading\" data-id=\"890f8b3\" data-element_type=\"widget\" data-e-type=\"widget\" data-widget_type=\"heading.default\">\n\t\t\t\t<div class=\"elementor-widget-container\">\n\t\t\t\t\t<div class=\"elementor-heading-title elementor-size-medium\">Janvier 2025<\/div>\t\t\t\t<\/div>\n\t\t\t\t<\/div>\n\t\t\t\t\t<\/div>\n\t\t<\/div>\n\t\t\t\t\t<\/div>\n\t\t<\/section>\n\t\t\t\t\t<\/div>\n\t\t<\/div>\n\t\t\t\t<div class=\"elementor-column elementor-col-50 elementor-top-column elementor-element elementor-element-d24612c\" data-id=\"d24612c\" data-element_type=\"column\" data-e-type=\"column\" data-settings=\"{&quot;background_background&quot;:&quot;classic&quot;}\">\n\t\t\t<div class=\"elementor-widget-wrap elementor-element-populated\">\n\t\t\t\t\t\t\t<\/div>\n\t\t<\/div>\n\t\t\t\t\t<\/div>\n\t\t<\/section>\n\t\t\t\t<section class=\"elementor-section elementor-top-section elementor-element elementor-element-fd78429 elementor-section-full_width elementor-section-content-top elementor-section-height-default elementor-section-height-default\" data-id=\"fd78429\" data-element_type=\"section\" data-e-type=\"section\" data-settings=\"{&quot;background_background&quot;:&quot;classic&quot;}\">\n\t\t\t\t\t\t<div class=\"elementor-container elementor-column-gap-no\">\n\t\t\t\t\t<div class=\"elementor-column elementor-col-50 elementor-top-column elementor-element elementor-element-229b20e\" data-id=\"229b20e\" data-element_type=\"column\" data-e-type=\"column\" data-settings=\"{&quot;background_background&quot;:&quot;classic&quot;}\">\n\t\t\t<div class=\"elementor-widget-wrap elementor-element-populated\">\n\t\t\t\t\t\t<div class=\"elementor-element elementor-element-7305c27 elementor-widget elementor-widget-text-editor\" data-id=\"7305c27\" data-element_type=\"widget\" data-e-type=\"widget\" data-widget_type=\"text-editor.default\">\n\t\t\t\t<div class=\"elementor-widget-container\">\n\t\t\t\t\t\t\t\t\t<p>Ce rapport de l'Auroville Global Fellowship repr\u00e9sente le travail collectif de plus de 50 personnes, dont des experts, des membres de la communaut\u00e9 et des sympathisants internationaux. Il fournit un compte rendu d\u00e9taill\u00e9 des graves d\u00e9fis auxquels Auroville est confront\u00e9e aujourd'hui et propose des solutions claires et r\u00e9alisables pour les relever.<\/p><p>Plus qu'un simple document, ce rapport est un appel crucial \u00e0 l'action. Il souligne le besoin urgent d'intervenir pour sauvegarder la mission d'Auroville et met en \u00e9vidence les moyens de garantir son h\u00e9ritage en tant que phare de l'unit\u00e9 humaine et d'un mode de vie durable.<\/p>\t\t\t\t\t\t\t\t<\/div>\n\t\t\t\t<\/div>\n\t\t\t\t\t<\/div>\n\t\t<\/div>\n\t\t\t\t<div class=\"elementor-column elementor-col-50 elementor-top-column elementor-element elementor-element-2be1e4d\" data-id=\"2be1e4d\" data-element_type=\"column\" data-e-type=\"column\" data-settings=\"{&quot;background_background&quot;:&quot;classic&quot;}\">\n\t\t\t<div class=\"elementor-widget-wrap elementor-element-populated\">\n\t\t\t\t\t\t<div class=\"elementor-element elementor-element-25179dc elementor-widget elementor-widget-heading\" data-id=\"25179dc\" data-element_type=\"widget\" data-e-type=\"widget\" data-widget_type=\"heading.default\">\n\t\t\t\t<div class=\"elementor-widget-container\">\n\t\t\t\t\t<h6 class=\"elementor-heading-title elementor-size-default\">T\u00e9l\u00e9charger le rapport<\/h6>\t\t\t\t<\/div>\n\t\t\t\t<\/div>\n\t\t\t\t<section class=\"elementor-section elementor-inner-section elementor-element elementor-element-2782c24 elementor-section-boxed elementor-section-height-default elementor-section-height-default\" data-id=\"2782c24\" data-element_type=\"section\" data-e-type=\"section\">\n\t\t\t\t\t\t<div class=\"elementor-container elementor-column-gap-default\">\n\t\t\t\t\t<div class=\"elementor-column elementor-col-100 elementor-inner-column elementor-element elementor-element-14afd8c\" data-id=\"14afd8c\" data-element_type=\"column\" data-e-type=\"column\" data-settings=\"{&quot;background_background&quot;:&quot;classic&quot;}\">\n\t\t\t<div class=\"elementor-widget-wrap elementor-element-populated\">\n\t\t\t\t\t\t<div class=\"elementor-element elementor-element-741478a elementor-widget elementor-widget-heading\" data-id=\"741478a\" data-element_type=\"widget\" data-e-type=\"widget\" data-widget_type=\"heading.default\">\n\t\t\t\t<div class=\"elementor-widget-container\">\n\t\t\t\t\t<h3 class=\"elementor-heading-title elementor-size-default\"><a href=\"https:\/\/auroville.media\/wp-content\/uploads\/2023\/01\/ONLINE-version-The-Spirit-of-Auroville.pdf\">Auroville en crise et la voie \u00e0 suivre<\/a><\/h3>\t\t\t\t<\/div>\n\t\t\t\t<\/div>\n\t\t\t\t<div class=\"elementor-element elementor-element-d96290a elementor-widget elementor-widget-text-editor\" data-id=\"d96290a\" data-element_type=\"widget\" data-e-type=\"widget\" data-widget_type=\"text-editor.default\">\n\t\t\t\t<div class=\"elementor-widget-container\">\n\t\t\t\t\t\t\t\t\t<p><em>Fichier PDF - 69 pages - Janvier 2025<\/em><\/p>\t\t\t\t\t\t\t\t<\/div>\n\t\t\t\t<\/div>\n\t\t\t\t\t<\/div>\n\t\t<\/div>\n\t\t\t\t\t<\/div>\n\t\t<\/section>\n\t\t\t\t<div class=\"elementor-element elementor-element-d79dcd7 elementor-widget elementor-widget-button\" data-id=\"d79dcd7\" data-element_type=\"widget\" data-e-type=\"widget\" data-widget_type=\"button.default\">\n\t\t\t\t<div class=\"elementor-widget-container\">\n\t\t\t\t\t\t\t\t\t<div class=\"elementor-button-wrapper\">\n\t\t\t\t\t<a class=\"elementor-button elementor-button-link elementor-size-sm\" href=\"https:\/\/auroville.media\/wp-content\/uploads\/2025\/01\/Auroville-in-Crisis-and-the-Way-Forward.pdf\" target=\"_blank\">\n\t\t\t\t\t\t<span class=\"elementor-button-content-wrapper\">\n\t\t\t\t\t\t<span class=\"elementor-button-icon\">\n\t\t\t\t<i aria-hidden=\"true\" class=\"fas fa-caret-right\"><\/i>\t\t\t<\/span>\n\t\t\t\t\t\t\t\t\t<span class=\"elementor-button-text\">Download the report (PDF, &lt;1Mb)<\/span>\n\t\t\t\t\t<\/span>\n\t\t\t\t\t<\/a>\n\t\t\t\t<\/div>\n\t\t\t\t\t\t\t\t<\/div>\n\t\t\t\t<\/div>\n\t\t\t\t\t<\/div>\n\t\t<\/div>\n\t\t\t\t\t<\/div>\n\t\t<\/section>\n\t\t\t\t<section class=\"elementor-section elementor-top-section elementor-element elementor-element-c446fb9 elementor-section-full_width elementor-section-content-top elementor-section-height-default elementor-section-height-default\" data-id=\"c446fb9\" data-element_type=\"section\" data-e-type=\"section\" data-settings=\"{&quot;background_background&quot;:&quot;classic&quot;}\">\n\t\t\t\t\t\t<div class=\"elementor-container elementor-column-gap-no\">\n\t\t\t\t\t<div class=\"elementor-column elementor-col-50 elementor-top-column elementor-element elementor-element-79def65\" data-id=\"79def65\" data-element_type=\"column\" data-e-type=\"column\" data-settings=\"{&quot;background_background&quot;:&quot;classic&quot;}\">\n\t\t\t<div class=\"elementor-widget-wrap elementor-element-populated\">\n\t\t\t\t\t\t<div class=\"elementor-element elementor-element-bd944a3 elementor-widget elementor-widget-heading\" data-id=\"bd944a3\" data-element_type=\"widget\" data-e-type=\"widget\" data-widget_type=\"heading.default\">\n\t\t\t\t<div class=\"elementor-widget-container\">\n\t\t\t\t\t<h5 class=\"elementor-heading-title elementor-size-default\">Encadrer le rapport sur la bourse mondiale<\/h5>\t\t\t\t<\/div>\n\t\t\t\t<\/div>\n\t\t\t\t<div class=\"elementor-element elementor-element-f8f2f55 elementor-widget__width-initial elementor-widget elementor-widget-text-editor\" data-id=\"f8f2f55\" data-element_type=\"widget\" data-e-type=\"widget\" data-widget_type=\"text-editor.default\">\n\t\t\t\t<div class=\"elementor-widget-container\">\n\t\t\t\t\t\t\t\t\t<p>Un nouveau rapport complet sur la crise d'Auroville et la fa\u00e7on de la r\u00e9soudre a \u00e9t\u00e9 publi\u00e9 le 14 janvier, r\u00e9sumant les faits essentiels et proposant un plan d'action sp\u00e9cifique conform\u00e9ment \u00e0 l'Acte de la Fondation d'Auroville, \u00e0 la Charte d'Auroville et aux principes de l'Inde intemporelle. <i>dharma<\/i>.<\/p><p>Le rapport appelle \u00e0 une intervention urgente et constructive du gouvernement indien pour inverser la direction de l'administration actuelle de la Fondation Auroville afin qu'Auroville \"puisse remplir sa mission pour l'Inde et le monde en apportant un avenir plus radieux \u00e0 l'humanit\u00e9\". Il fournit une documentation d\u00e9taill\u00e9e sur les actions qui \"menacent l'avenir d'Auroville de dommages irr\u00e9parables\", ainsi qu'une proposition de solutions pour placer Auroville sur une voie positive.<\/p><p>Le rapport a \u00e9t\u00e9 produit par les membres de l'Auroville Global Fellowship, un r\u00e9seau ind\u00e9pendant de plus de 50 sympathisants nationaux et internationaux qui ont contribu\u00e9 au monde dans divers domaines en rapport avec les id\u00e9aux \u00e9volutifs d'Auroville. Fond\u00e9 en 2024, le Fellowship cherche \u00e0 soutenir Auroville par le partage d'informations, le dialogue sur des sujets d'int\u00e9r\u00eat et de pr\u00e9occupation mondiaux, et en entreprenant des projets qui font progresser l'esprit, les valeurs et la mission d'Auroville. Le Fellowship n'est pas affili\u00e9 \u00e0 Auroville International, \u00e0 la communaut\u00e9 d'Auroville, \u00e0 la Fondation d'Auroville ou \u00e0 tout autre centre de Sri Aurobindo ou d'Auroville.<\/p><p>La premi\u00e8re partie du rapport r\u00e9sume les statuts importants de la loi sur la fondation d'Auroville et l'histoire de son administration jusqu'en 2021. La deuxi\u00e8me partie documente les faits essentiels de la crise dans six domaines : Gouvernance, Gestion financi\u00e8re, Planification et d\u00e9veloppement, Communications, S\u00fbret\u00e9 et s\u00e9curit\u00e9, et Impact sur les communaut\u00e9s locales. La troisi\u00e8me partie propose un plan de r\u00e9solution de la crise et une voie positive pour l'avenir. Une pr\u00e9face et un r\u00e9sum\u00e9 ex\u00e9cutif offrent une br\u00e8ve synth\u00e8se, et des annexes apportent des d\u00e9tails suppl\u00e9mentaires.<\/p><p>Le rapport fait \u00e9tat d'un manque de gouvernance de la part de l'administration actuelle dans quatre domaines cl\u00e9s : la r\u00e9pudiation des dispositions essentielles de l'Acte de fondation d'Auroville ; la violation des valeurs fondamentales de la Charte d'Auroville ; les dommages consid\u00e9rables caus\u00e9s aux biens et \u00e0 l'environnement d'Auroville ; et l'annulation des droits fondamentaux des r\u00e9sidents d'Auroville par des mesures extr\u00eames qui ont cr\u00e9\u00e9 un climat de peur, d'anxi\u00e9t\u00e9 et de d\u00e9tresse.<\/p><p>La derni\u00e8re partie pr\u00e9sente un plan pratique pour r\u00e9soudre la crise de mani\u00e8re positive en mettant en \u0153uvre quatre \"mesures claires, applicables et r\u00e9alisables\" qui peuvent \"inaugurer un avenir positif pour Auroville et sa mission d'acc\u00e9l\u00e9ration du progr\u00e8s humain\".<\/p><p>Le rapport se termine par une demande respectueuse au gouvernement de l'Inde pour une intervention et une assistance judicieuses : \"Auroville repr\u00e9sente quelque chose de pr\u00e9cieux non seulement pour l'Inde mais pour le monde - une exp\u00e9rience sans pr\u00e9c\u00e9dent d'unit\u00e9 humaine qui doit \u00eatre pr\u00e9serv\u00e9e et renouvel\u00e9e.\"<\/p><p><style type=\"text\/css\">p.p1 {margin: 0.0px 0.0px 0.0px 0.0px; font: 11.0px 'Times New Roman'; color: #000000}<\/style><\/p>\t\t\t\t\t\t\t\t<\/div>\n\t\t\t\t<\/div>\n\t\t\t\t\t<\/div>\n\t\t<\/div>\n\t\t\t\t<div class=\"elementor-column elementor-col-50 elementor-top-column elementor-element elementor-element-27e45df\" data-id=\"27e45df\" data-element_type=\"column\" data-e-type=\"column\" data-settings=\"{&quot;background_background&quot;:&quot;classic&quot;}\">\n\t\t\t<div class=\"elementor-widget-wrap elementor-element-populated\">\n\t\t\t\t\t\t<div class=\"elementor-element elementor-element-042ccda elementor-widget elementor-widget-heading\" data-id=\"042ccda\" data-element_type=\"widget\" data-e-type=\"widget\" data-widget_type=\"heading.default\">\n\t\t\t\t<div class=\"elementor-widget-container\">\n\t\t\t\t\t<h6 class=\"elementor-heading-title elementor-size-default\">Messages cl\u00e9s<\/h6>\t\t\t\t<\/div>\n\t\t\t\t<\/div>\n\t\t\t\t<section class=\"elementor-section elementor-inner-section elementor-element elementor-element-d692460 elementor-section-boxed elementor-section-height-default elementor-section-height-default\" data-id=\"d692460\" data-element_type=\"section\" data-e-type=\"section\">\n\t\t\t\t\t\t<div class=\"elementor-container elementor-column-gap-default\">\n\t\t\t\t\t<div class=\"elementor-column elementor-col-100 elementor-inner-column elementor-element elementor-element-8a0f352\" data-id=\"8a0f352\" data-element_type=\"column\" data-e-type=\"column\" data-settings=\"{&quot;background_background&quot;:&quot;classic&quot;}\">\n\t\t\t<div class=\"elementor-widget-wrap elementor-element-populated\">\n\t\t\t\t\t\t<div class=\"elementor-element elementor-element-b8bbe93 elementor-widget elementor-widget-heading\" data-id=\"b8bbe93\" data-element_type=\"widget\" data-e-type=\"widget\" data-widget_type=\"heading.default\">\n\t\t\t\t<div class=\"elementor-widget-container\">\n\t\t\t\t\t<h3 class=\"elementor-heading-title elementor-size-default\"><a href=\"https:\/\/auroville.media\/wp-content\/uploads\/2023\/01\/ONLINE-version-The-Spirit-of-Auroville.pdf\"><i>D<\/i>t\u00e9l\u00e9charger un r\u00e9sum\u00e9 du rapport<\/a><\/h3>\t\t\t\t<\/div>\n\t\t\t\t<\/div>\n\t\t\t\t<div class=\"elementor-element elementor-element-05ef80a elementor-widget elementor-widget-text-editor\" data-id=\"05ef80a\" data-element_type=\"widget\" data-e-type=\"widget\" data-widget_type=\"text-editor.default\">\n\t\t\t\t<div class=\"elementor-widget-container\">\n\t\t\t\t\t\t\t\t\t<p><em>Fichier PDF - 2 pages<br \/><\/em><\/p>\t\t\t\t\t\t\t\t<\/div>\n\t\t\t\t<\/div>\n\t\t\t\t\t<\/div>\n\t\t<\/div>\n\t\t\t\t\t<\/div>\n\t\t<\/section>\n\t\t\t\t<div class=\"elementor-element elementor-element-a8a42cd elementor-widget elementor-widget-button\" data-id=\"a8a42cd\" data-element_type=\"widget\" data-e-type=\"widget\" data-widget_type=\"button.default\">\n\t\t\t\t<div class=\"elementor-widget-container\">\n\t\t\t\t\t\t\t\t\t<div class=\"elementor-button-wrapper\">\n\t\t\t\t\t<a class=\"elementor-button elementor-button-link elementor-size-sm\" href=\"https:\/\/auroville.media\/wp-content\/uploads\/2025\/01\/Key-messages-AV-in-Crisis-Report.pdf\" target=\"_blank\">\n\t\t\t\t\t\t<span class=\"elementor-button-content-wrapper\">\n\t\t\t\t\t\t<span class=\"elementor-button-icon\">\n\t\t\t\t<i aria-hidden=\"true\" class=\"fas fa-caret-right\"><\/i>\t\t\t<\/span>\n\t\t\t\t\t\t\t\t\t<span class=\"elementor-button-text\">Download the summary (PDF, &lt;1Mb)<\/span>\n\t\t\t\t\t<\/span>\n\t\t\t\t\t<\/a>\n\t\t\t\t<\/div>\n\t\t\t\t\t\t\t\t<\/div>\n\t\t\t\t<\/div>\n\t\t\t\t\t<\/div>\n\t\t<\/div>\n\t\t\t\t\t<\/div>\n\t\t<\/section>\n\t\t\t\t<\/div>","protected":false},"excerpt":{"rendered":"<p>Auroville in crisisand the way forward January 2025 This report by the Auroville Global Fellowship represents the collective work of over 50 individuals, including experts, community members, and international supporters. It provides a detailed account of the grave challenges facing Auroville today and offers clear, actionable solutions to address them. More than just a document, [&hellip;]<\/p>\n","protected":false},"author":2,"featured_media":0,"parent":0,"menu_order":0,"comment_status":"closed","ping_status":"closed","template":"","meta":{"_monsterinsights_skip_tracking":false,"_monsterinsights_sitenote_active":false,"_monsterinsights_sitenote_note":"","_monsterinsights_sitenote_category":0,"episode_type":"","audio_file":"","podmotor_file_id":"","podmotor_episode_id":"","cover_image":"","cover_image_id":"","duration":"","filesize":"","filesize_raw":"","date_recorded":"","explicit":"","block":"","footnotes":""},"class_list":["post-32658","page","type-page","status-publish","hentry"],"aioseo_notices":[],"_links":{"self":[{"href":"https:\/\/auroville.media\/fr\/wp-json\/wp\/v2\/pages\/32658","targetHints":{"allow":["GET"]}}],"collection":[{"href":"https:\/\/auroville.media\/fr\/wp-json\/wp\/v2\/pages"}],"about":[{"href":"https:\/\/auroville.media\/fr\/wp-json\/wp\/v2\/types\/page"}],"author":[{"embeddable":true,"href":"https:\/\/auroville.media\/fr\/wp-json\/wp\/v2\/users\/2"}],"replies":[{"embeddable":true,"href":"https:\/\/auroville.media\/fr\/wp-json\/wp\/v2\/comments?post=32658"}],"version-history":[{"count":7,"href":"https:\/\/auroville.media\/fr\/wp-json\/wp\/v2\/pages\/32658\/revisions"}],"predecessor-version":[{"id":32674,"href":"https:\/\/auroville.media\/fr\/wp-json\/wp\/v2\/pages\/32658\/revisions\/32674"}],"wp:attachment":[{"href":"https:\/\/auroville.media\/fr\/wp-json\/wp\/v2\/media?parent=32658"}],"curies":[{"name":"wp","href":"https:\/\/api.w.org\/{rel}","templated":true}]}}