{"id":31795,"date":"2023-12-25T23:10:57","date_gmt":"2023-12-25T17:40:57","guid":{"rendered":"https:\/\/auroville.media\/?page_id=31795"},"modified":"2023-12-26T00:25:28","modified_gmt":"2023-12-25T18:55:28","slug":"dossiers","status":"publish","type":"page","link":"https:\/\/auroville.media\/fr\/crisis\/dossiers\/","title":{"rendered":"Dossiers sur la crise d'Auroville"},"content":{"rendered":"<div data-elementor-type=\"wp-page\" data-elementor-id=\"31795\" class=\"elementor elementor-31795\" data-elementor-post-type=\"page\">\n\t\t\t\t\t\t<section class=\"elementor-section elementor-top-section elementor-element elementor-element-1dcc5abb elementor-section-full_width elementor-section-height-min-height elementor-section-items-stretch elementor-section-content-bottom elementor-section-height-default\" data-id=\"1dcc5abb\" data-element_type=\"section\" data-e-type=\"section\" data-settings=\"{&quot;background_background&quot;:&quot;classic&quot;}\">\n\t\t\t\t\t\t<div class=\"elementor-container elementor-column-gap-no\">\n\t\t\t\t\t<div class=\"elementor-column elementor-col-50 elementor-top-column elementor-element elementor-element-6d253dae\" data-id=\"6d253dae\" data-element_type=\"column\" data-e-type=\"column\" data-settings=\"{&quot;background_background&quot;:&quot;gradient&quot;}\">\n\t\t\t<div class=\"elementor-widget-wrap elementor-element-populated\">\n\t\t\t\t\t\t<div class=\"elementor-element elementor-element-0632297 elementor-widget elementor-widget-heading\" data-id=\"0632297\" data-element_type=\"widget\" data-e-type=\"widget\" data-widget_type=\"heading.default\">\n\t\t\t\t<div class=\"elementor-widget-container\">\n\t\t\t\t\t<h6 class=\"elementor-heading-title elementor-size-default\">Dossiers d\u00e9taill\u00e9s sur la crise d'Auroville<\/h6>\t\t\t\t<\/div>\n\t\t\t\t<\/div>\n\t\t\t\t<div class=\"elementor-element elementor-element-8a34f01 elementor-widget elementor-widget-text-editor\" data-id=\"8a34f01\" data-element_type=\"widget\" data-e-type=\"widget\" data-widget_type=\"text-editor.default\">\n\t\t\t\t<div class=\"elementor-widget-container\">\n\t\t\t\t\t\t\t\t\t<p style=\"text-align: left;\"><em><span style=\"color: #ffffff;\">Pr\u00e9par\u00e9 par le Comit\u00e9 de Travail de l'Assembl\u00e9e des R\u00e9sidents de la Fondation Auroville<\/span><\/em><\/p>\t\t\t\t\t\t\t\t<\/div>\n\t\t\t\t<\/div>\n\t\t\t\t\t<\/div>\n\t\t<\/div>\n\t\t\t\t<div class=\"elementor-column elementor-col-50 elementor-top-column elementor-element elementor-element-d24612c\" data-id=\"d24612c\" data-element_type=\"column\" data-e-type=\"column\" data-settings=\"{&quot;background_background&quot;:&quot;classic&quot;}\">\n\t\t\t<div class=\"elementor-widget-wrap elementor-element-populated\">\n\t\t\t\t\t\t\t<\/div>\n\t\t<\/div>\n\t\t\t\t\t<\/div>\n\t\t<\/section>\n\t\t\t\t<section class=\"elementor-section elementor-top-section elementor-element elementor-element-6097369 elementor-section-full_width elementor-section-content-bottom elementor-section-height-default elementor-section-height-default\" data-id=\"6097369\" data-element_type=\"section\" data-e-type=\"section\">\n\t\t\t\t\t\t<div class=\"elementor-container elementor-column-gap-no\">\n\t\t\t\t\t<div class=\"elementor-column elementor-col-50 elementor-top-column elementor-element elementor-element-69bd104\" data-id=\"69bd104\" data-element_type=\"column\" data-e-type=\"column\" data-settings=\"{&quot;background_background&quot;:&quot;classic&quot;}\">\n\t\t\t<div class=\"elementor-widget-wrap elementor-element-populated\">\n\t\t\t\t\t\t<section class=\"elementor-section elementor-inner-section elementor-element elementor-element-1032de3 elementor-section-boxed elementor-section-height-default elementor-section-height-default\" data-id=\"1032de3\" data-element_type=\"section\" data-e-type=\"section\">\n\t\t\t\t\t\t<div class=\"elementor-container elementor-column-gap-default\">\n\t\t\t\t\t<div class=\"elementor-column elementor-col-100 elementor-inner-column elementor-element elementor-element-1f7ce8c\" data-id=\"1f7ce8c\" data-element_type=\"column\" data-e-type=\"column\">\n\t\t\t<div class=\"elementor-widget-wrap elementor-element-populated\">\n\t\t\t\t\t\t<div class=\"elementor-element elementor-element-da53aea elementor-widget elementor-widget-heading\" data-id=\"da53aea\" data-element_type=\"widget\" data-e-type=\"widget\" data-widget_type=\"heading.default\">\n\t\t\t\t<div class=\"elementor-widget-container\">\n\t\t\t\t\t<h6 class=\"elementor-heading-title elementor-size-default\">Sur quoi portent ces dossiers ? <\/h6>\t\t\t\t<\/div>\n\t\t\t\t<\/div>\n\t\t\t\t<div class=\"elementor-element elementor-element-357a63c elementor-widget elementor-widget-text-editor\" data-id=\"357a63c\" data-element_type=\"widget\" data-e-type=\"widget\" data-widget_type=\"text-editor.default\">\n\t\t\t\t<div class=\"elementor-widget-container\">\n\t\t\t\t\t\t\t\t\t<p>Auroville est une communaut\u00e9 internationale, exp\u00e9rimentale et spirituelle situ\u00e9e dans le Tamil Nadu, au sud de l'Inde. Fond\u00e9e en 1968 et bas\u00e9e sur les enseignements de la M\u00e8re et de Sri Aurobindo, Auroville est soutenue par le gouvernement indien par l'interm\u00e9diaire de la Fondation Auroville, un organisme autonome d\u00e9pendant du minist\u00e8re de l'\u00e9ducation, et par l'UNESCO par le biais de cinq r\u00e9solutions de soutien.<\/p><p>Ces trois dossiers sont <strong>une compilation d\u00e9taill\u00e9e des \u00e9v\u00e9nements et des prises de contr\u00f4le auxquels les r\u00e9sidents d'Auroville ont \u00e9t\u00e9 confront\u00e9s<\/strong> depuis la nomination du Dr Jayanti Ravi en tant que secr\u00e9taire du conseil d'administration de la Fondation Auroville, en juillet 2021.<\/p><p>Un dossier ant\u00e9rieur, compil\u00e9 par un groupe de r\u00e9sidents anonymes, explorait de mani\u00e8re tr\u00e8s d\u00e9taill\u00e9e les \u00e9v\u00e9nements survenus en d\u00e9cembre 2021. <a href=\"https:\/\/auroville.media\/wp-content\/uploads\/2023\/12\/Dossier-on-Events-in-Auroville-from-July-to-Dec-2021-with-27-appendixes-cover-09.01.2022-anonymized.pdf\">Elle est jointe ici<\/a> \u00e0 titre de r\u00e9f\u00e9rence.<\/p>\t\t\t\t\t\t\t\t<\/div>\n\t\t\t\t<\/div>\n\t\t\t\t\t<\/div>\n\t\t<\/div>\n\t\t\t\t\t<\/div>\n\t\t<\/section>\n\t\t\t\t\t<\/div>\n\t\t<\/div>\n\t\t\t\t<div class=\"elementor-column elementor-col-50 elementor-top-column elementor-element elementor-element-924bf7f elementor-hidden-mobile elementor-hidden-tablet\" data-id=\"924bf7f\" data-element_type=\"column\" data-e-type=\"column\" data-settings=\"{&quot;background_background&quot;:&quot;classic&quot;}\">\n\t\t\t<div class=\"elementor-widget-wrap\">\n\t\t\t\t\t\t\t<\/div>\n\t\t<\/div>\n\t\t\t\t\t<\/div>\n\t\t<\/section>\n\t\t\t\t<section class=\"elementor-section elementor-top-section elementor-element elementor-element-a0ebc1f elementor-section-full_width elementor-section-height-default elementor-section-height-default\" data-id=\"a0ebc1f\" data-element_type=\"section\" data-e-type=\"section\">\n\t\t\t\t\t\t<div class=\"elementor-container elementor-column-gap-default\">\n\t\t\t\t\t<div class=\"elementor-column elementor-col-100 elementor-top-column elementor-element elementor-element-ca5ee57\" data-id=\"ca5ee57\" data-element_type=\"column\" data-e-type=\"column\" data-settings=\"{&quot;background_background&quot;:&quot;classic&quot;}\">\n\t\t\t<div class=\"elementor-widget-wrap elementor-element-populated\">\n\t\t\t\t\t\t<section class=\"elementor-section elementor-inner-section elementor-element elementor-element-23e6a32 elementor-section-full_width elementor-section-height-default elementor-section-height-default\" data-id=\"23e6a32\" data-element_type=\"section\" data-e-type=\"section\">\n\t\t\t\t\t\t<div class=\"elementor-container elementor-column-gap-default\">\n\t\t\t\t\t<div class=\"elementor-column elementor-col-33 elementor-inner-column elementor-element elementor-element-463481c\" data-id=\"463481c\" data-element_type=\"column\" data-e-type=\"column\">\n\t\t\t<div class=\"elementor-widget-wrap elementor-element-populated\">\n\t\t\t\t\t\t<section class=\"elementor-section elementor-inner-section elementor-element elementor-element-15f5ff0 elementor-section-boxed elementor-section-height-default elementor-section-height-default\" data-id=\"15f5ff0\" data-element_type=\"section\" data-e-type=\"section\">\n\t\t\t\t\t\t<div class=\"elementor-container elementor-column-gap-default\">\n\t\t\t\t\t<div class=\"elementor-column elementor-col-100 elementor-inner-column elementor-element elementor-element-d70a2ab\" data-id=\"d70a2ab\" data-element_type=\"column\" data-e-type=\"column\" data-settings=\"{&quot;background_background&quot;:&quot;classic&quot;}\">\n\t\t\t<div class=\"elementor-widget-wrap elementor-element-populated\">\n\t\t\t\t\t\t<div class=\"elementor-element elementor-element-9568201 elementor-widget elementor-widget-image\" data-id=\"9568201\" data-element_type=\"widget\" data-e-type=\"widget\" data-widget_type=\"image.default\">\n\t\t\t\t<div class=\"elementor-widget-container\">\n\t\t\t\t\t\t\t\t\t\t\t\t\t\t\t\t<a href=\"https:\/\/auroville.media\/wp-content\/uploads\/2023\/12\/Auroville-Dossier-1-Takeover-of-Internal-Governance-December-2022-V2-DIGITAL.pdf\">\n\t\t\t\t\t\t\t<img fetchpriority=\"high\" decoding=\"async\" width=\"724\" height=\"1024\" src=\"https:\/\/auroville.media\/wp-content\/uploads\/2023\/12\/Dossier-1-724x1024.png\" class=\"attachment-large size-large wp-image-31804\" alt=\"\" srcset=\"https:\/\/auroville.media\/wp-content\/uploads\/2023\/12\/Dossier-1-724x1024.png 724w, https:\/\/auroville.media\/wp-content\/uploads\/2023\/12\/Dossier-1-212x300.png 212w, https:\/\/auroville.media\/wp-content\/uploads\/2023\/12\/Dossier-1-768x1086.png 768w, https:\/\/auroville.media\/wp-content\/uploads\/2023\/12\/Dossier-1-8x12.png 8w, https:\/\/auroville.media\/wp-content\/uploads\/2023\/12\/Dossier-1.png 884w\" sizes=\"(max-width: 724px) 100vw, 724px\" \/>\t\t\t\t\t\t\t\t<\/a>\n\t\t\t\t\t\t\t\t\t\t\t\t\t\t\t<\/div>\n\t\t\t\t<\/div>\n\t\t\t\t<div class=\"elementor-element elementor-element-db48f63 elementor-widget elementor-widget-heading\" data-id=\"db48f63\" data-element_type=\"widget\" data-e-type=\"widget\" data-widget_type=\"heading.default\">\n\t\t\t\t<div class=\"elementor-widget-container\">\n\t\t\t\t\t<h3 class=\"elementor-heading-title elementor-size-default\"><a href=\"https:\/\/auroville.media\/wp-content\/uploads\/2023\/12\/Auroville-Dossier-1-Takeover-of-Internal-Governance-December-2022-V2-DIGITAL.pdf\">1. Prise de contr\u00f4le de la gouvernance interne d'Auroville\ninterne d'Auroville<\/a><\/h3>\t\t\t\t<\/div>\n\t\t\t\t<\/div>\n\t\t\t\t<div class=\"elementor-element elementor-element-234bf09 elementor-widget elementor-widget-heading\" data-id=\"234bf09\" data-element_type=\"widget\" data-e-type=\"widget\" data-widget_type=\"heading.default\">\n\t\t\t\t<div class=\"elementor-widget-container\">\n\t\t\t\t\t<h4 class=\"elementor-heading-title elementor-size-default\">D\u00e9cembre 2021 - D\u00e9cembre 2022<\/h4>\t\t\t\t<\/div>\n\t\t\t\t<\/div>\n\t\t\t\t<div class=\"elementor-element elementor-element-373bd67 elementor-widget elementor-widget-text-editor\" data-id=\"373bd67\" data-element_type=\"widget\" data-e-type=\"widget\" data-widget_type=\"text-editor.default\">\n\t\t\t\t<div class=\"elementor-widget-container\">\n\t\t\t\t\t\t\t\t\t<ul><li>Prise de contr\u00f4le du comit\u00e9 de travail et d\u00e9responsabilisation de l'assembl\u00e9e des r\u00e9sidents<\/li><li>Reprise du comit\u00e9 de gestion des fonds et des actifs et de ses sous-groupes<\/li><li>Reprise du Conseil de d\u00e9veloppement de la ville<\/li><\/ul>\t\t\t\t\t\t\t\t<\/div>\n\t\t\t\t<\/div>\n\t\t\t\t<div class=\"elementor-element elementor-element-9f8afee elementor-widget elementor-widget-button\" data-id=\"9f8afee\" data-element_type=\"widget\" data-e-type=\"widget\" data-widget_type=\"button.default\">\n\t\t\t\t<div class=\"elementor-widget-container\">\n\t\t\t\t\t\t\t\t\t<div class=\"elementor-button-wrapper\">\n\t\t\t\t\t<a class=\"elementor-button elementor-button-link elementor-size-sm\" href=\"https:\/\/auroville.media\/wp-content\/uploads\/2023\/12\/Auroville-Dossier-1-Takeover-of-Internal-Governance-December-2022-V2-DIGITAL.pdf\" target=\"_blank\">\n\t\t\t\t\t\t<span class=\"elementor-button-content-wrapper\">\n\t\t\t\t\t\t<span class=\"elementor-button-icon\">\n\t\t\t\t<i aria-hidden=\"true\" class=\"fas fa-caret-right\"><\/i>\t\t\t<\/span>\n\t\t\t\t\t\t\t\t\t<span class=\"elementor-button-text\">T\u00e9l\u00e9charger le dossier 1 (PDF)<\/span>\n\t\t\t\t\t<\/span>\n\t\t\t\t\t<\/a>\n\t\t\t\t<\/div>\n\t\t\t\t\t\t\t\t<\/div>\n\t\t\t\t<\/div>\n\t\t\t\t\t<\/div>\n\t\t<\/div>\n\t\t\t\t\t<\/div>\n\t\t<\/section>\n\t\t\t\t\t<\/div>\n\t\t<\/div>\n\t\t\t\t<div class=\"elementor-column elementor-col-33 elementor-inner-column elementor-element elementor-element-4b4fa82\" data-id=\"4b4fa82\" data-element_type=\"column\" data-e-type=\"column\">\n\t\t\t<div class=\"elementor-widget-wrap elementor-element-populated\">\n\t\t\t\t\t\t<section class=\"elementor-section elementor-inner-section elementor-element elementor-element-99f5fcb elementor-section-boxed elementor-section-height-default elementor-section-height-default\" data-id=\"99f5fcb\" data-element_type=\"section\" data-e-type=\"section\">\n\t\t\t\t\t\t<div class=\"elementor-container elementor-column-gap-default\">\n\t\t\t\t\t<div class=\"elementor-column elementor-col-100 elementor-inner-column elementor-element elementor-element-1950360\" data-id=\"1950360\" data-element_type=\"column\" data-e-type=\"column\" data-settings=\"{&quot;background_background&quot;:&quot;classic&quot;}\">\n\t\t\t<div class=\"elementor-widget-wrap elementor-element-populated\">\n\t\t\t\t\t\t<div class=\"elementor-element elementor-element-a5dece4 elementor-widget elementor-widget-image\" data-id=\"a5dece4\" data-element_type=\"widget\" data-e-type=\"widget\" data-widget_type=\"image.default\">\n\t\t\t\t<div class=\"elementor-widget-container\">\n\t\t\t\t\t\t\t\t\t\t\t\t\t\t\t\t<a href=\"https:\/\/auroville.media\/wp-content\/uploads\/2023\/12\/Auroville-Dossier-2-Censorship-Takeover-of-Communication-Platforms-December-2022-V3-DIGITAL.pdf\">\n\t\t\t\t\t\t\t<img decoding=\"async\" width=\"724\" height=\"1024\" src=\"https:\/\/auroville.media\/wp-content\/uploads\/2023\/12\/Dossier-2-724x1024.png\" class=\"attachment-large size-large wp-image-31805\" alt=\"\" srcset=\"https:\/\/auroville.media\/wp-content\/uploads\/2023\/12\/Dossier-2-724x1024.png 724w, https:\/\/auroville.media\/wp-content\/uploads\/2023\/12\/Dossier-2-212x300.png 212w, https:\/\/auroville.media\/wp-content\/uploads\/2023\/12\/Dossier-2-768x1086.png 768w, https:\/\/auroville.media\/wp-content\/uploads\/2023\/12\/Dossier-2-8x12.png 8w, https:\/\/auroville.media\/wp-content\/uploads\/2023\/12\/Dossier-2.png 884w\" sizes=\"(max-width: 724px) 100vw, 724px\" \/>\t\t\t\t\t\t\t\t<\/a>\n\t\t\t\t\t\t\t\t\t\t\t\t\t\t\t<\/div>\n\t\t\t\t<\/div>\n\t\t\t\t<div class=\"elementor-element elementor-element-5a840dc elementor-widget elementor-widget-heading\" data-id=\"5a840dc\" data-element_type=\"widget\" data-e-type=\"widget\" data-widget_type=\"heading.default\">\n\t\t\t\t<div class=\"elementor-widget-container\">\n\t\t\t\t\t<h3 class=\"elementor-heading-title elementor-size-default\"><a href=\"https:\/\/auroville.media\/wp-content\/uploads\/2023\/12\/Auroville-Dossier-2-Censorship-Takeover-of-Communication-Platforms-December-2022-V3-DIGITAL.pdf\">2. Censure et prise de contr\u00f4le des plateformes de communication<\/a><\/h3>\t\t\t\t<\/div>\n\t\t\t\t<\/div>\n\t\t\t\t<div class=\"elementor-element elementor-element-3a88dd8 elementor-widget elementor-widget-heading\" data-id=\"3a88dd8\" data-element_type=\"widget\" data-e-type=\"widget\" data-widget_type=\"heading.default\">\n\t\t\t\t<div class=\"elementor-widget-container\">\n\t\t\t\t\t<h4 class=\"elementor-heading-title elementor-size-default\">D\u00e9cembre 2021 - D\u00e9cembre 2022<\/h4>\t\t\t\t<\/div>\n\t\t\t\t<\/div>\n\t\t\t\t<div class=\"elementor-element elementor-element-5db8227 elementor-widget elementor-widget-text-editor\" data-id=\"5db8227\" data-element_type=\"widget\" data-e-type=\"widget\" data-widget_type=\"text-editor.default\">\n\t\t\t\t<div class=\"elementor-widget-container\">\n\t\t\t\t\t\t\t\t\t<ul><li>Censure dans la presse et les m\u00e9dias<\/li><li>Prise de contr\u00f4le des plates-formes de communication interne<\/li><li>Reprise des archives d'Auroville<\/li><\/ul>\t\t\t\t\t\t\t\t<\/div>\n\t\t\t\t<\/div>\n\t\t\t\t<div class=\"elementor-element elementor-element-4693f44 elementor-widget elementor-widget-button\" data-id=\"4693f44\" data-element_type=\"widget\" data-e-type=\"widget\" data-widget_type=\"button.default\">\n\t\t\t\t<div class=\"elementor-widget-container\">\n\t\t\t\t\t\t\t\t\t<div class=\"elementor-button-wrapper\">\n\t\t\t\t\t<a class=\"elementor-button elementor-button-link elementor-size-sm\" href=\"https:\/\/auroville.media\/wp-content\/uploads\/2023\/12\/Auroville-Dossier-2-Censorship-Takeover-of-Communication-Platforms-December-2022-V3-DIGITAL.pdf\" target=\"_blank\">\n\t\t\t\t\t\t<span class=\"elementor-button-content-wrapper\">\n\t\t\t\t\t\t<span class=\"elementor-button-icon\">\n\t\t\t\t<i aria-hidden=\"true\" class=\"fas fa-caret-right\"><\/i>\t\t\t<\/span>\n\t\t\t\t\t\t\t\t\t<span class=\"elementor-button-text\">T\u00e9l\u00e9charger le dossier 2 (PDF)<\/span>\n\t\t\t\t\t<\/span>\n\t\t\t\t\t<\/a>\n\t\t\t\t<\/div>\n\t\t\t\t\t\t\t\t<\/div>\n\t\t\t\t<\/div>\n\t\t\t\t\t<\/div>\n\t\t<\/div>\n\t\t\t\t\t<\/div>\n\t\t<\/section>\n\t\t\t\t\t<\/div>\n\t\t<\/div>\n\t\t\t\t<div class=\"elementor-column elementor-col-33 elementor-inner-column elementor-element elementor-element-c3b4b2a\" data-id=\"c3b4b2a\" data-element_type=\"column\" data-e-type=\"column\">\n\t\t\t<div class=\"elementor-widget-wrap elementor-element-populated\">\n\t\t\t\t\t\t<section class=\"elementor-section elementor-inner-section elementor-element elementor-element-ec97d62 elementor-section-boxed elementor-section-height-default elementor-section-height-default\" data-id=\"ec97d62\" data-element_type=\"section\" data-e-type=\"section\">\n\t\t\t\t\t\t<div class=\"elementor-container elementor-column-gap-default\">\n\t\t\t\t\t<div class=\"elementor-column elementor-col-100 elementor-inner-column elementor-element elementor-element-ca9d57a\" data-id=\"ca9d57a\" data-element_type=\"column\" data-e-type=\"column\" data-settings=\"{&quot;background_background&quot;:&quot;classic&quot;}\">\n\t\t\t<div class=\"elementor-widget-wrap elementor-element-populated\">\n\t\t\t\t\t\t<div class=\"elementor-element elementor-element-bc80813 elementor-widget elementor-widget-image\" data-id=\"bc80813\" data-element_type=\"widget\" data-e-type=\"widget\" data-widget_type=\"image.default\">\n\t\t\t\t<div class=\"elementor-widget-container\">\n\t\t\t\t\t\t\t\t\t\t\t\t\t\t\t\t<a href=\"https:\/\/auroville.media\/wp-content\/uploads\/2023\/12\/Auroville-Dossier-3-Mismanagement-of-Assets-Finances-Resources-October-2023-V2-DIGITAL.pdf\">\n\t\t\t\t\t\t\t<img decoding=\"async\" width=\"724\" height=\"1024\" src=\"https:\/\/auroville.media\/wp-content\/uploads\/2023\/12\/Dossier-3-724x1024.png\" class=\"attachment-large size-large wp-image-31806\" alt=\"\" srcset=\"https:\/\/auroville.media\/wp-content\/uploads\/2023\/12\/Dossier-3-724x1024.png 724w, https:\/\/auroville.media\/wp-content\/uploads\/2023\/12\/Dossier-3-212x300.png 212w, https:\/\/auroville.media\/wp-content\/uploads\/2023\/12\/Dossier-3-768x1086.png 768w, https:\/\/auroville.media\/wp-content\/uploads\/2023\/12\/Dossier-3-8x12.png 8w, https:\/\/auroville.media\/wp-content\/uploads\/2023\/12\/Dossier-3.png 884w\" sizes=\"(max-width: 724px) 100vw, 724px\" \/>\t\t\t\t\t\t\t\t<\/a>\n\t\t\t\t\t\t\t\t\t\t\t\t\t\t\t<\/div>\n\t\t\t\t<\/div>\n\t\t\t\t<div class=\"elementor-element elementor-element-25e754a elementor-widget elementor-widget-heading\" data-id=\"25e754a\" data-element_type=\"widget\" data-e-type=\"widget\" data-widget_type=\"heading.default\">\n\t\t\t\t<div class=\"elementor-widget-container\">\n\t\t\t\t\t<h3 class=\"elementor-heading-title elementor-size-default\"><a href=\"https:\/\/auroville.media\/wp-content\/uploads\/2023\/12\/Auroville-Dossier-3-Mismanagement-of-Assets-Finances-Resources-October-2023-V2-DIGITAL.pdf\">3. Mauvaise gestion des biens et des finances d'Auroville, ainsi que des ressources naturelles et humaines<\/a><\/h3>\t\t\t\t<\/div>\n\t\t\t\t<\/div>\n\t\t\t\t<div class=\"elementor-element elementor-element-0080933 elementor-widget elementor-widget-heading\" data-id=\"0080933\" data-element_type=\"widget\" data-e-type=\"widget\" data-widget_type=\"heading.default\">\n\t\t\t\t<div class=\"elementor-widget-container\">\n\t\t\t\t\t<h4 class=\"elementor-heading-title elementor-size-default\">D\u00e9cembre 2021 - octobre 2023<\/h4>\t\t\t\t<\/div>\n\t\t\t\t<\/div>\n\t\t\t\t<div class=\"elementor-element elementor-element-f936bdb elementor-widget elementor-widget-text-editor\" data-id=\"f936bdb\" data-element_type=\"widget\" data-e-type=\"widget\" data-widget_type=\"text-editor.default\">\n\t\t\t\t<div class=\"elementor-widget-container\">\n\t\t\t\t\t\t\t\t\t<ul><li>Mauvaise gestion des actifs et des finances d'Auroville, des fonds du gouvernement et des dons internationaux<\/li><li>Mauvaise gestion des ressources naturelles et du patrimoine culturel<\/li><li>Mauvaise gestion des terres d'Auroville<\/li><\/ul>\t\t\t\t\t\t\t\t<\/div>\n\t\t\t\t<\/div>\n\t\t\t\t<div class=\"elementor-element elementor-element-96577cd elementor-widget elementor-widget-button\" data-id=\"96577cd\" data-element_type=\"widget\" data-e-type=\"widget\" data-widget_type=\"button.default\">\n\t\t\t\t<div class=\"elementor-widget-container\">\n\t\t\t\t\t\t\t\t\t<div class=\"elementor-button-wrapper\">\n\t\t\t\t\t<a class=\"elementor-button elementor-button-link elementor-size-sm\" href=\"https:\/\/auroville.media\/wp-content\/uploads\/2023\/12\/Auroville-Dossier-3-Mismanagement-of-Assets-Finances-Resources-October-2023-V2-DIGITAL.pdf\" target=\"_blank\">\n\t\t\t\t\t\t<span class=\"elementor-button-content-wrapper\">\n\t\t\t\t\t\t<span class=\"elementor-button-icon\">\n\t\t\t\t<i aria-hidden=\"true\" class=\"fas fa-caret-right\"><\/i>\t\t\t<\/span>\n\t\t\t\t\t\t\t\t\t<span class=\"elementor-button-text\">T\u00e9l\u00e9charger le dossier 3 (PDF)<\/span>\n\t\t\t\t\t<\/span>\n\t\t\t\t\t<\/a>\n\t\t\t\t<\/div>\n\t\t\t\t\t\t\t\t<\/div>\n\t\t\t\t<\/div>\n\t\t\t\t\t<\/div>\n\t\t<\/div>\n\t\t\t\t\t<\/div>\n\t\t<\/section>\n\t\t\t\t\t<\/div>\n\t\t<\/div>\n\t\t\t\t\t<\/div>\n\t\t<\/section>\n\t\t\t\t\t<\/div>\n\t\t<\/div>\n\t\t\t\t\t<\/div>\n\t\t<\/section>\n\t\t\t\t<\/div>","protected":false},"excerpt":{"rendered":"<p>Detailed Dossiers about the Auroville crisis Prepared by the Working Committee of the Residents&#8217; Assembly of the Auroville Foundation What are these dossiers about? Auroville is an international, experimental and spiritual community located in Tamil Nadu, south India. Founded in 1968 and based on the teachings of the Mother and Sri Aurobindo, Auroville is supported [&hellip;]<\/p>\n","protected":false},"author":3,"featured_media":0,"parent":30747,"menu_order":0,"comment_status":"closed","ping_status":"closed","template":"","meta":{"_monsterinsights_skip_tracking":false,"_monsterinsights_sitenote_active":false,"_monsterinsights_sitenote_note":"","_monsterinsights_sitenote_category":0,"episode_type":"","audio_file":"","podmotor_file_id":"","podmotor_episode_id":"","cover_image":"","cover_image_id":"","duration":"","filesize":"","filesize_raw":"","date_recorded":"","explicit":"","block":"","footnotes":""},"class_list":["post-31795","page","type-page","status-publish","hentry"],"aioseo_notices":[],"_links":{"self":[{"href":"https:\/\/auroville.media\/fr\/wp-json\/wp\/v2\/pages\/31795","targetHints":{"allow":["GET"]}}],"collection":[{"href":"https:\/\/auroville.media\/fr\/wp-json\/wp\/v2\/pages"}],"about":[{"href":"https:\/\/auroville.media\/fr\/wp-json\/wp\/v2\/types\/page"}],"author":[{"embeddable":true,"href":"https:\/\/auroville.media\/fr\/wp-json\/wp\/v2\/users\/3"}],"replies":[{"embeddable":true,"href":"https:\/\/auroville.media\/fr\/wp-json\/wp\/v2\/comments?post=31795"}],"version-history":[{"count":10,"href":"https:\/\/auroville.media\/fr\/wp-json\/wp\/v2\/pages\/31795\/revisions"}],"predecessor-version":[{"id":31815,"href":"https:\/\/auroville.media\/fr\/wp-json\/wp\/v2\/pages\/31795\/revisions\/31815"}],"up":[{"embeddable":true,"href":"https:\/\/auroville.media\/fr\/wp-json\/wp\/v2\/pages\/30747"}],"wp:attachment":[{"href":"https:\/\/auroville.media\/fr\/wp-json\/wp\/v2\/media?parent=31795"}],"curies":[{"name":"wp","href":"https:\/\/api.w.org\/{rel}","templated":true}]}}