{"id":30505,"date":"2023-04-13T16:45:07","date_gmt":"2023-04-13T11:15:07","guid":{"rendered":"https:\/\/auroville.media\/?page_id=30505"},"modified":"2026-03-03T14:46:23","modified_gmt":"2026-03-03T09:16:23","slug":"voa","status":"publish","type":"page","link":"https:\/\/auroville.media\/fr\/voa\/","title":{"rendered":"Voices of Auroville &#8211; Magazine"},"content":{"rendered":"<div data-elementor-type=\"wp-page\" data-elementor-id=\"30505\" class=\"elementor elementor-30505\" data-elementor-post-type=\"page\">\n\t\t\t\t\t\t<section class=\"elementor-section elementor-top-section elementor-element elementor-element-1dcc5abb elementor-section-full_width elementor-section-height-min-height elementor-section-items-stretch elementor-section-content-bottom elementor-section-height-default\" data-id=\"1dcc5abb\" data-element_type=\"section\" data-e-type=\"section\" data-settings=\"{&quot;background_background&quot;:&quot;classic&quot;}\">\n\t\t\t\t\t\t<div class=\"elementor-container elementor-column-gap-no\">\n\t\t\t\t\t<div class=\"elementor-column elementor-col-50 elementor-top-column elementor-element elementor-element-6d253dae\" data-id=\"6d253dae\" data-element_type=\"column\" data-e-type=\"column\" data-settings=\"{&quot;background_background&quot;:&quot;gradient&quot;}\">\n\t\t\t<div class=\"elementor-widget-wrap elementor-element-populated\">\n\t\t\t\t\t\t<div class=\"elementor-element elementor-element-799d203 elementor-widget elementor-widget-image\" data-id=\"799d203\" data-element_type=\"widget\" data-e-type=\"widget\" data-widget_type=\"image.default\">\n\t\t\t\t<div class=\"elementor-widget-container\">\n\t\t\t\t\t\t\t\t\t\t\t\t\t\t\t<img fetchpriority=\"high\" decoding=\"async\" width=\"696\" height=\"486\" src=\"https:\/\/auroville.media\/wp-content\/uploads\/2026\/02\/Voices-of-Auroville-white-cropped.png\" class=\"attachment-large size-large wp-image-33603\" alt=\"\" srcset=\"https:\/\/auroville.media\/wp-content\/uploads\/2026\/02\/Voices-of-Auroville-white-cropped.png 696w, https:\/\/auroville.media\/wp-content\/uploads\/2026\/02\/Voices-of-Auroville-white-cropped-300x209.png 300w, https:\/\/auroville.media\/wp-content\/uploads\/2026\/02\/Voices-of-Auroville-white-cropped-18x12.png 18w\" sizes=\"(max-width: 696px) 100vw, 696px\" \/>\t\t\t\t\t\t\t\t\t\t\t\t\t\t\t<\/div>\n\t\t\t\t<\/div>\n\t\t\t\t<div class=\"elementor-element elementor-element-bb5ec92 elementor-widget elementor-widget-heading\" data-id=\"bb5ec92\" data-element_type=\"widget\" data-e-type=\"widget\" data-widget_type=\"heading.default\">\n\t\t\t\t<div class=\"elementor-widget-container\">\n\t\t\t\t\t<h2 class=\"elementor-heading-title elementor-size-default\">Nouvelles et temps forts de la communaut\u00e9 d'Auroville<\/h2>\t\t\t\t<\/div>\n\t\t\t\t<\/div>\n\t\t\t\t\t<\/div>\n\t\t<\/div>\n\t\t\t\t<div class=\"elementor-column elementor-col-50 elementor-top-column elementor-element elementor-element-d24612c\" data-id=\"d24612c\" data-element_type=\"column\" data-e-type=\"column\" data-settings=\"{&quot;background_background&quot;:&quot;classic&quot;}\">\n\t\t\t<div class=\"elementor-widget-wrap elementor-element-populated\">\n\t\t\t\t\t\t\t<\/div>\n\t\t<\/div>\n\t\t\t\t\t<\/div>\n\t\t<\/section>\n\t\t\t\t<section class=\"elementor-section elementor-top-section elementor-element elementor-element-fd78429 elementor-section-full_width elementor-section-content-top elementor-section-height-default elementor-section-height-default\" data-id=\"fd78429\" data-element_type=\"section\" data-e-type=\"section\" data-settings=\"{&quot;background_background&quot;:&quot;classic&quot;}\">\n\t\t\t\t\t\t<div class=\"elementor-container elementor-column-gap-no\">\n\t\t\t\t\t<div class=\"elementor-column elementor-col-50 elementor-top-column elementor-element elementor-element-229b20e\" data-id=\"229b20e\" data-element_type=\"column\" data-e-type=\"column\" data-settings=\"{&quot;background_background&quot;:&quot;classic&quot;}\">\n\t\t\t<div class=\"elementor-widget-wrap elementor-element-populated\">\n\t\t\t\t\t\t<div class=\"elementor-element elementor-element-615f145 elementor-widget elementor-widget-heading\" data-id=\"615f145\" data-element_type=\"widget\" data-e-type=\"widget\" data-widget_type=\"heading.default\">\n\t\t\t\t<div class=\"elementor-widget-container\">\n\t\t\t\t\t<h6 class=\"elementor-heading-title elementor-size-default\">What is this magazine about? <\/h6>\t\t\t\t<\/div>\n\t\t\t\t<\/div>\n\t\t\t\t<div class=\"elementor-element elementor-element-7305c27 elementor-widget elementor-widget-text-editor\" data-id=\"7305c27\" data-element_type=\"widget\" data-e-type=\"widget\" data-widget_type=\"text-editor.default\">\n\t\t\t\t<div class=\"elementor-widget-container\">\n\t\t\t\t\t\t\t\t\t<p>For more than four years, Auroville has been in the news due to recent challenges in its governance, a summary of which can be read <a href=\"https:\/\/auroville.media\/fr\/crisis\/\">ici<\/a>.<\/p><p><strong><em>Voices of Auroville<\/em> is a quarterly magazine to inform well-wishers and friends of Auroville across India and the globe with factual updates about the current events unfolding in Auroville.<\/strong><\/p><p>It is an independent publication, written by a team of Aurovilians and well-wishers committed to transparency, honest reporting, and giving voice to the residents of Auroville.<\/p><p><strong>Pour s'abonner \u00e0 <em>Voices of Aurovill<\/em>e, <a href=\"https:\/\/voa.eo.page\/2h45z\">cliquez ici<\/a>.<\/strong><\/p>\t\t\t\t\t\t\t\t<\/div>\n\t\t\t\t<\/div>\n\t\t\t\t\t<\/div>\n\t\t<\/div>\n\t\t\t\t<div class=\"elementor-column elementor-col-50 elementor-top-column elementor-element elementor-element-2be1e4d\" data-id=\"2be1e4d\" data-element_type=\"column\" data-e-type=\"column\" data-settings=\"{&quot;background_background&quot;:&quot;classic&quot;}\">\n\t\t\t<div class=\"elementor-widget-wrap elementor-element-populated\">\n\t\t\t\t\t\t<div class=\"elementor-element elementor-element-25179dc elementor-widget elementor-widget-heading\" data-id=\"25179dc\" data-element_type=\"widget\" data-e-type=\"widget\" data-widget_type=\"heading.default\">\n\t\t\t\t<div class=\"elementor-widget-container\">\n\t\t\t\t\t<h6 class=\"elementor-heading-title elementor-size-default\">Download the last issue<\/h6>\t\t\t\t<\/div>\n\t\t\t\t<\/div>\n\t\t\t\t<section class=\"elementor-section elementor-inner-section elementor-element elementor-element-2782c24 elementor-section-boxed elementor-section-height-default elementor-section-height-default\" data-id=\"2782c24\" data-element_type=\"section\" data-e-type=\"section\">\n\t\t\t\t\t\t<div class=\"elementor-container elementor-column-gap-default\">\n\t\t\t\t\t<div class=\"elementor-column elementor-col-50 elementor-inner-column elementor-element elementor-element-14afd8c\" data-id=\"14afd8c\" data-element_type=\"column\" data-e-type=\"column\" data-settings=\"{&quot;background_background&quot;:&quot;classic&quot;}\">\n\t\t\t<div class=\"elementor-widget-wrap elementor-element-populated\">\n\t\t\t\t\t\t<div class=\"elementor-element elementor-element-4ace4a6 elementor-widget elementor-widget-heading\" data-id=\"4ace4a6\" data-element_type=\"widget\" data-e-type=\"widget\" data-widget_type=\"heading.default\">\n\t\t\t\t<div class=\"elementor-widget-container\">\n\t\t\t\t\t<h3 class=\"elementor-heading-title elementor-size-default\"><a href=\"https:\/\/auroville.media\/wp-content\/uploads\/2026\/02\/Voices-of-Auroville-Issue-10-February-2026-digital_compressed.pdf\">Issue 10, February 2026<\/a><\/h3>\t\t\t\t<\/div>\n\t\t\t\t<\/div>\n\t\t\t\t<div class=\"elementor-element elementor-element-ff40226 elementor-widget elementor-widget-text-editor\" data-id=\"ff40226\" data-element_type=\"widget\" data-e-type=\"widget\" data-widget_type=\"text-editor.default\">\n\t\t\t\t<div class=\"elementor-widget-container\">\n\t\t\t\t\t\t\t\t\t<ul><li>Editorial note &#8211; New voices, new beginnings<\/li><li>Summary of recent events &#8211; October 2025 to January 2026<\/li><li>Mythbust: countering misleading narratives (Part 8)<\/li><li>Voices from Auroville<\/li><li>Comment aider ?<\/li><\/ul>\t\t\t\t\t\t\t\t<\/div>\n\t\t\t\t<\/div>\n\t\t\t\t<div class=\"elementor-element elementor-element-0a32779 elementor-align-left elementor-widget elementor-widget-button\" data-id=\"0a32779\" data-element_type=\"widget\" data-e-type=\"widget\" data-widget_type=\"button.default\">\n\t\t\t\t<div class=\"elementor-widget-container\">\n\t\t\t\t\t\t\t\t\t<div class=\"elementor-button-wrapper\">\n\t\t\t\t\t<a class=\"elementor-button elementor-button-link elementor-size-sm\" href=\"https:\/\/bimaculatus.eocampaign1.com\/web-version?ep=2&#038;lc=49d19a06-0ebb-11f1-b6dd-6732e75a9943&#038;p=256dcc88-0ebc-11f1-9d99-39b4873a0336&#038;pt=campaign&#038;t=1771646471&#038;s=d4a4d9092e4e235c02c3d5c2ed6c73460d4dcfa0bcd6bdc4aba3faf281cbe1b5\" target=\"_blank\">\n\t\t\t\t\t\t<span class=\"elementor-button-content-wrapper\">\n\t\t\t\t\t\t\t\t\t<span class=\"elementor-button-text\">Read short newsletter<\/span>\n\t\t\t\t\t<\/span>\n\t\t\t\t\t<\/a>\n\t\t\t\t<\/div>\n\t\t\t\t\t\t\t\t<\/div>\n\t\t\t\t<\/div>\n\t\t\t\t<div class=\"elementor-element elementor-element-5aa134b elementor-align-left elementor-widget elementor-widget-button\" data-id=\"5aa134b\" data-element_type=\"widget\" data-e-type=\"widget\" data-widget_type=\"button.default\">\n\t\t\t\t<div class=\"elementor-widget-container\">\n\t\t\t\t\t\t\t\t\t<div class=\"elementor-button-wrapper\">\n\t\t\t\t\t<a class=\"elementor-button elementor-button-link elementor-size-sm\" href=\"https:\/\/auroville.media\/wp-content\/uploads\/2026\/02\/Voices-of-Auroville-Issue-10-February-2026-digital_compressed.pdf\" target=\"_blank\">\n\t\t\t\t\t\t<span class=\"elementor-button-content-wrapper\">\n\t\t\t\t\t\t\t\t\t<span class=\"elementor-button-text\">Download Issue 10 (English)<\/span>\n\t\t\t\t\t<\/span>\n\t\t\t\t\t<\/a>\n\t\t\t\t<\/div>\n\t\t\t\t\t\t\t\t<\/div>\n\t\t\t\t<\/div>\n\t\t\t\t<div class=\"elementor-element elementor-element-f5f9dd3 elementor-align-left elementor-widget elementor-widget-button\" data-id=\"f5f9dd3\" data-element_type=\"widget\" data-e-type=\"widget\" data-widget_type=\"button.default\">\n\t\t\t\t<div class=\"elementor-widget-container\">\n\t\t\t\t\t\t\t\t\t<div class=\"elementor-button-wrapper\">\n\t\t\t\t\t<a class=\"elementor-button elementor-button-link elementor-size-sm\" href=\"https:\/\/auroville.media\/wp-content\/uploads\/2026\/03\/FR-Voices-of-Auroville-Numero-10-fevrier-2026.pdf\" target=\"_blank\">\n\t\t\t\t\t\t<span class=\"elementor-button-content-wrapper\">\n\t\t\t\t\t\t\t\t\t<span class=\"elementor-button-text\">T\u00e9l\u00e9charger la revue #10 (Fran\u00e7ais)<\/span>\n\t\t\t\t\t<\/span>\n\t\t\t\t\t<\/a>\n\t\t\t\t<\/div>\n\t\t\t\t\t\t\t\t<\/div>\n\t\t\t\t<\/div>\n\t\t\t\t\t<\/div>\n\t\t<\/div>\n\t\t\t\t<div class=\"elementor-column elementor-col-50 elementor-inner-column elementor-element elementor-element-7f7e5d0 elementor-hidden-mobile\" data-id=\"7f7e5d0\" data-element_type=\"column\" data-e-type=\"column\" data-settings=\"{&quot;background_background&quot;:&quot;classic&quot;}\">\n\t\t\t<div class=\"elementor-widget-wrap elementor-element-populated\">\n\t\t\t\t\t\t<div class=\"elementor-element elementor-element-e4ff528 elementor-widget elementor-widget-shortcode\" data-id=\"e4ff528\" data-element_type=\"widget\" data-e-type=\"widget\" data-widget_type=\"shortcode.default\">\n\t\t\t\t<div class=\"elementor-widget-container\">\n\t\t\t\t\t\t\t<div class=\"elementor-shortcode\"><div class=\"_df_thumb\" id=\"df_33596\"  _slug=\"voices-of-auroville-issue-10-february-2026\" data-title=\"voices-of-auroville-issue-10-february-2026\" wpoptions=\"true\" thumb=\"https:\/\/auroville.media\/wp-content\/uploads\/2026\/02\/VoA-10-cover.jpg\" thumbtype=\"\" >Voices of Auroville \u2013 Issue 10, February 2026<\/div><script class=\"df-shortcode-script\" nowprocket type=\"application\/javascript\">window.option_df_33596 = {\"outline\":[],\"autoEnableOutline\":\"false\",\"autoEnableThumbnail\":\"false\",\"overwritePDFOutline\":\"false\",\"direction\":\"1\",\"pageSize\":\"0\",\"source\":\"https:\\\/\\\/auroville.media\\\/wp-content\\\/uploads\\\/2026\\\/02\\\/Voices-of-Auroville-Issue-10-February-2026-digital_compressed.pdf\",\"wpOptions\":\"true\"}; if(window.DFLIP && window.DFLIP.parseBooks){window.DFLIP.parseBooks();}<\/script><\/div>\n\t\t\t\t\t\t<\/div>\n\t\t\t\t<\/div>\n\t\t\t\t\t<\/div>\n\t\t<\/div>\n\t\t\t\t\t<\/div>\n\t\t<\/section>\n\t\t\t\t\t<\/div>\n\t\t<\/div>\n\t\t\t\t\t<\/div>\n\t\t<\/section>\n\t\t\t\t<section class=\"elementor-section elementor-top-section elementor-element elementor-element-17d577a elementor-section-full_width elementor-section-height-default elementor-section-height-default\" data-id=\"17d577a\" data-element_type=\"section\" data-e-type=\"section\">\n\t\t\t\t\t\t<div class=\"elementor-container elementor-column-gap-default\">\n\t\t\t\t\t<div class=\"elementor-column elementor-col-100 elementor-top-column elementor-element elementor-element-360a989\" data-id=\"360a989\" data-element_type=\"column\" data-e-type=\"column\">\n\t\t\t<div class=\"elementor-widget-wrap elementor-element-populated\">\n\t\t\t\t\t\t<div class=\"elementor-element elementor-element-bbd143d elementor-widget elementor-widget-heading\" data-id=\"bbd143d\" data-element_type=\"widget\" data-e-type=\"widget\" data-widget_type=\"heading.default\">\n\t\t\t\t<div class=\"elementor-widget-container\">\n\t\t\t\t\t<h6 class=\"elementor-heading-title elementor-size-default\">Lire ou t\u00e9l\u00e9charger tout <i>Voice(s) of Auroville<\/i> questions<\/h6>\t\t\t\t<\/div>\n\t\t\t\t<\/div>\n\t\t\t\t<div class=\"elementor-element elementor-element-97f7bbf elementor-widget elementor-widget-shortcode\" data-id=\"97f7bbf\" data-element_type=\"widget\" data-e-type=\"widget\" data-widget_type=\"shortcode.default\">\n\t\t\t\t<div class=\"elementor-widget-container\">\n\t\t\t\t\t\t\t<div class=\"elementor-shortcode\"><div class=\"dflip-books\"><div class=\"_df_thumb\" id=\"df_33596\"  _slug=\"voices-of-auroville-issue-10-february-2026\" data-title=\"voices-of-auroville-issue-10-february-2026\" wpoptions=\"true\" thumb=\"https:\/\/auroville.media\/wp-content\/uploads\/2026\/02\/VoA-10-cover.jpg\" thumbtype=\"\" >Voices of Auroville \u2013 Issue 10, February 2026<\/div><script class=\"df-shortcode-script\" nowprocket type=\"application\/javascript\">window.option_df_33596 = {\"outline\":[],\"autoEnableOutline\":\"false\",\"autoEnableThumbnail\":\"false\",\"overwritePDFOutline\":\"false\",\"direction\":\"1\",\"pageSize\":\"0\",\"source\":\"https:\\\/\\\/auroville.media\\\/wp-content\\\/uploads\\\/2026\\\/02\\\/Voices-of-Auroville-Issue-10-February-2026-digital_compressed.pdf\",\"wpOptions\":\"true\"}; if(window.DFLIP && window.DFLIP.parseBooks){window.DFLIP.parseBooks();}<\/script><div class=\"_df_thumb\" id=\"df_33744\"  _slug=\"voices-of-auroville-10-french\" data-title=\"voices-of-auroville-10-french\" wpoptions=\"true\" thumb=\"https:\/\/auroville.media\/wp-content\/uploads\/2026\/03\/FR-VoA-10-cover.jpg\" thumbtype=\"\" >Voices of Auroville #10 &#8211; FRENCH<\/div><script class=\"df-shortcode-script\" nowprocket type=\"application\/javascript\">window.option_df_33744 = {\"outline\":[],\"autoEnableOutline\":\"false\",\"autoEnableThumbnail\":\"false\",\"overwritePDFOutline\":\"false\",\"direction\":\"1\",\"pageSize\":\"0\",\"source\":\"https:\\\/\\\/auroville.media\\\/wp-content\\\/uploads\\\/2026\\\/03\\\/FR-Voices-of-Auroville-Numero-10-fevrier-2026.pdf\",\"wpOptions\":\"true\"}; if(window.DFLIP && window.DFLIP.parseBooks){window.DFLIP.parseBooks();}<\/script><div class=\"_df_thumb\" id=\"df_33433\"  _slug=\"voice-of-auroville-issue-09-october-2025\" data-title=\"voice-of-auroville-issue-09-october-2025\" wpoptions=\"true\" thumb=\"https:\/\/auroville.media\/wp-content\/uploads\/2025\/10\/VoA-9-cover.jpg\" thumbtype=\"\" >Voice of Auroville \u2013 Issue 09, October 2025<\/div><script class=\"df-shortcode-script\" nowprocket type=\"application\/javascript\">window.option_df_33433 = {\"outline\":[],\"autoEnableOutline\":\"false\",\"autoEnableThumbnail\":\"false\",\"overwritePDFOutline\":\"false\",\"direction\":\"1\",\"pageSize\":\"0\",\"source\":\"https:\\\/\\\/auroville.media\\\/wp-content\\\/uploads\\\/2025\\\/10\\\/Voice-of-Auroville-Issue-9-October-2025-DIGITAL_compressed-1.pdf\",\"wpOptions\":\"true\"}; if(window.DFLIP && window.DFLIP.parseBooks){window.DFLIP.parseBooks();}<\/script><div class=\"_df_thumb\" id=\"df_32884\"  _slug=\"voice-of-auroville-issue-08-march-2025\" data-title=\"voice-of-auroville-issue-08-march-2025\" wpoptions=\"true\" thumb=\"https:\/\/auroville.media\/wp-content\/uploads\/2025\/03\/VoA-8-cover.jpg\" thumbtype=\"\" >Voice of Auroville \u2013 Issue 08, March 2025<\/div><script class=\"df-shortcode-script\" nowprocket type=\"application\/javascript\">window.option_df_32884 = {\"outline\":[],\"autoEnableOutline\":\"false\",\"autoEnableThumbnail\":\"false\",\"overwritePDFOutline\":\"false\",\"direction\":\"1\",\"pageSize\":\"0\",\"source\":\"https:\\\/\\\/auroville.media\\\/wp-content\\\/uploads\\\/2025\\\/03\\\/Voice-of-Auroville-Issue-8-March-2025-digital_compressed.pdf\",\"wpOptions\":\"true\"}; if(window.DFLIP && window.DFLIP.parseBooks){window.DFLIP.parseBooks();}<\/script><div class=\"_df_thumb\" id=\"df_32464\"  _slug=\"voice-of-auroville-issue-07-november-2024\" data-title=\"voice-of-auroville-issue-07-november-2024\" wpoptions=\"true\" thumb=\"https:\/\/auroville.media\/wp-content\/uploads\/2024\/11\/VoA-7-cover.jpg\" thumbtype=\"\" >Voice of Auroville - Num\u00e9ro 07, novembre 2024<\/div><script class=\"df-shortcode-script\" nowprocket type=\"application\/javascript\">window.option_df_32464 = {\"outline\":[],\"autoEnableOutline\":\"false\",\"autoEnableThumbnail\":\"false\",\"overwritePDFOutline\":\"false\",\"direction\":\"1\",\"pageSize\":\"0\",\"source\":\"https:\\\/\\\/auroville.media\\\/wp-content\\\/uploads\\\/2024\\\/11\\\/Voice-of-Auroville-Issue-7-November-2024_compressed.pdf\",\"wpOptions\":\"true\"}; if(window.DFLIP && window.DFLIP.parseBooks){window.DFLIP.parseBooks();}<\/script><div class=\"_df_thumb\" id=\"df_32169\"  _slug=\"voice-of-auroville-issue-06-june-2024\" data-title=\"voice-of-auroville-issue-06-june-2024\" wpoptions=\"true\" thumb=\"https:\/\/auroville.media\/wp-content\/uploads\/2024\/06\/VoA-6-cover.jpg\" thumbtype=\"\" >Voice of Auroville - Num\u00e9ro 06, juin 2024<\/div><script class=\"df-shortcode-script\" nowprocket type=\"application\/javascript\">window.option_df_32169 = {\"outline\":[],\"autoEnableOutline\":\"false\",\"autoEnableThumbnail\":\"false\",\"overwritePDFOutline\":\"false\",\"direction\":\"1\",\"pageSize\":\"0\",\"source\":\"https:\\\/\\\/auroville.media\\\/wp-content\\\/uploads\\\/2024\\\/06\\\/Voice-of-Auroville-Issue-6-June-2024_compressed.pdf\",\"wpOptions\":\"true\"}; if(window.DFLIP && window.DFLIP.parseBooks){window.DFLIP.parseBooks();}<\/script><div class=\"_df_thumb\" id=\"df_31996\"  _slug=\"voice-of-auroville-issue-05-february-2024\" data-title=\"voice-of-auroville-issue-05-february-2024\" wpoptions=\"true\" thumb=\"https:\/\/auroville.media\/wp-content\/uploads\/2024\/02\/VoA-5-cover.jpg\" thumbtype=\"\" >Voice of Auroville - Num\u00e9ro 05, f\u00e9vrier 2024<\/div><script class=\"df-shortcode-script\" nowprocket type=\"application\/javascript\">window.option_df_31996 = {\"outline\":[],\"autoEnableOutline\":\"false\",\"autoEnableThumbnail\":\"false\",\"overwritePDFOutline\":\"false\",\"direction\":\"1\",\"pageSize\":\"0\",\"source\":\"https:\\\/\\\/auroville.media\\\/wp-content\\\/uploads\\\/2024\\\/02\\\/Voice-of-Auroville-Issue-5-February-2024_compressed.pdf\",\"wpOptions\":\"true\"}; if(window.DFLIP && window.DFLIP.parseBooks){window.DFLIP.parseBooks();}<\/script><div class=\"_df_thumb\" id=\"df_31578\"  _slug=\"voice-of-auroville-issue-04-november-2023\" data-title=\"voice-of-auroville-issue-04-november-2023\" wpoptions=\"true\" thumb=\"https:\/\/auroville.media\/wp-content\/uploads\/2023\/11\/VoA-4-cover.jpg\" thumbtype=\"\" >Voice of Auroville - Num\u00e9ro 04, novembre 2023<\/div><script class=\"df-shortcode-script\" nowprocket type=\"application\/javascript\">window.option_df_31578 = {\"outline\":[],\"autoEnableOutline\":\"false\",\"autoEnableThumbnail\":\"false\",\"overwritePDFOutline\":\"false\",\"direction\":\"1\",\"pageSize\":\"0\",\"source\":\"https:\\\/\\\/auroville.media\\\/wp-content\\\/uploads\\\/2023\\\/11\\\/Voice-of-Auroville-Issue-4-November-2023_compressedhalf.pdf\",\"wpOptions\":\"true\"}; if(window.DFLIP && window.DFLIP.parseBooks){window.DFLIP.parseBooks();}<\/script><div class=\"_df_thumb\" id=\"df_31202\"  _slug=\"voice-of-auroville-issue-03-september-2023\" data-title=\"voice-of-auroville-issue-03-september-2023\" wpoptions=\"true\" thumb=\"https:\/\/auroville.media\/wp-content\/uploads\/2023\/09\/Voice-of-Auroville-Issue-3-September-2023.jpg\" thumbtype=\"\" >Voice of Auroville - Num\u00e9ro 03, septembre 2023<\/div><script class=\"df-shortcode-script\" nowprocket type=\"application\/javascript\">window.option_df_31202 = {\"outline\":[],\"autoEnableOutline\":\"false\",\"autoEnableThumbnail\":\"false\",\"overwritePDFOutline\":\"false\",\"direction\":\"1\",\"pageSize\":\"0\",\"source\":\"https:\\\/\\\/auroville.media\\\/wp-content\\\/uploads\\\/2023\\\/09\\\/Voice-of-Auroville-Issue-3-September-2023_compressedhalf.pdf\",\"wpOptions\":\"true\"}; if(window.DFLIP && window.DFLIP.parseBooks){window.DFLIP.parseBooks();}<\/script><div class=\"_df_thumb\" id=\"df_30635\"  _slug=\"voice-of-auroville-issue-02-july-2023\" data-title=\"voice-of-auroville-issue-02-july-2023\" wpoptions=\"true\" thumb=\"https:\/\/auroville.media\/wp-content\/uploads\/2023\/07\/VoA-2-thumb-image.jpg\" thumbtype=\"\" >Voice of Auroville - Num\u00e9ro 02, juillet 2023<\/div><script class=\"df-shortcode-script\" nowprocket type=\"application\/javascript\">window.option_df_30635 = {\"outline\":[],\"autoEnableOutline\":\"false\",\"autoEnableThumbnail\":\"false\",\"overwritePDFOutline\":\"false\",\"direction\":\"1\",\"pageSize\":\"0\",\"source\":\"https:\\\/\\\/auroville.media\\\/wp-content\\\/uploads\\\/2023\\\/07\\\/Voice-of-Auroville-Issue-2-July-2023-FINAL_compressed.pdf\",\"wpOptions\":\"true\"}; if(window.DFLIP && window.DFLIP.parseBooks){window.DFLIP.parseBooks();}<\/script><div class=\"_df_thumb\" id=\"df_30514\"  _slug=\"voice-of-auroville-issue-01-april-2023\" data-title=\"voice-of-auroville-issue-01-april-2023\" wpoptions=\"true\" thumb=\"https:\/\/auroville.media\/wp-content\/uploads\/2023\/04\/Voice-of-Auroville-Issue-1-Page-1.jpg\" thumbtype=\"\" >Voice of Auroville - Num\u00e9ro 01, avril 2023<\/div><script class=\"df-shortcode-script\" nowprocket type=\"application\/javascript\">window.option_df_30514 = {\"outline\":[],\"autoEnableOutline\":\"false\",\"autoEnableThumbnail\":\"false\",\"overwritePDFOutline\":\"false\",\"direction\":\"1\",\"pageSize\":\"0\",\"source\":\"https:\\\/\\\/auroville.media\\\/wp-content\\\/uploads\\\/2023\\\/04\\\/Voice-of-Auroville-Issue-1-April-2023-DIGITAL-Final_compressed.pdf\",\"wpOptions\":\"true\"}; if(window.DFLIP && window.DFLIP.parseBooks){window.DFLIP.parseBooks();}<\/script><\/div><\/div>\n\t\t\t\t\t\t<\/div>\n\t\t\t\t<\/div>\n\t\t\t\t\t<\/div>\n\t\t<\/div>\n\t\t\t\t\t<\/div>\n\t\t<\/section>\n\t\t\t\t<\/div>","protected":false},"excerpt":{"rendered":"<p>News &amp; Highlights from the Auroville Community What is this magazine about? For more than four years, Auroville has been in the news due to recent challenges in its governance, a summary of which can be read here. Voices of Auroville is a quarterly magazine to inform well-wishers and friends of Auroville across India and [&hellip;]<\/p>\n","protected":false},"author":3,"featured_media":0,"parent":0,"menu_order":0,"comment_status":"closed","ping_status":"closed","template":"","meta":{"_monsterinsights_skip_tracking":false,"_monsterinsights_sitenote_active":false,"_monsterinsights_sitenote_note":"","_monsterinsights_sitenote_category":0,"episode_type":"","audio_file":"","podmotor_file_id":"","podmotor_episode_id":"","cover_image":"","cover_image_id":"","duration":"","filesize":"","filesize_raw":"","date_recorded":"","explicit":"","block":"","footnotes":""},"class_list":["post-30505","page","type-page","status-publish","hentry"],"aioseo_notices":[],"_links":{"self":[{"href":"https:\/\/auroville.media\/fr\/wp-json\/wp\/v2\/pages\/30505","targetHints":{"allow":["GET"]}}],"collection":[{"href":"https:\/\/auroville.media\/fr\/wp-json\/wp\/v2\/pages"}],"about":[{"href":"https:\/\/auroville.media\/fr\/wp-json\/wp\/v2\/types\/page"}],"author":[{"embeddable":true,"href":"https:\/\/auroville.media\/fr\/wp-json\/wp\/v2\/users\/3"}],"replies":[{"embeddable":true,"href":"https:\/\/auroville.media\/fr\/wp-json\/wp\/v2\/comments?post=30505"}],"version-history":[{"count":90,"href":"https:\/\/auroville.media\/fr\/wp-json\/wp\/v2\/pages\/30505\/revisions"}],"predecessor-version":[{"id":33749,"href":"https:\/\/auroville.media\/fr\/wp-json\/wp\/v2\/pages\/30505\/revisions\/33749"}],"wp:attachment":[{"href":"https:\/\/auroville.media\/fr\/wp-json\/wp\/v2\/media?parent=30505"}],"curies":[{"name":"wp","href":"https:\/\/api.w.org\/{rel}","templated":true}]}}