{"id":30335,"date":"2023-01-01T15:16:36","date_gmt":"2023-01-01T09:46:36","guid":{"rendered":"https:\/\/auroville.media\/?page_id=30335"},"modified":"2024-01-01T11:53:01","modified_gmt":"2024-01-01T06:23:01","slug":"letters-to-gb-chairman","status":"publish","type":"page","link":"https:\/\/auroville.media\/fr\/letters-to-gb-chairman\/","title":{"rendered":"L'esprit d'Auroville"},"content":{"rendered":"<div data-elementor-type=\"wp-page\" data-elementor-id=\"30335\" class=\"elementor elementor-30335\" data-elementor-post-type=\"page\">\n\t\t\t\t\t\t<section class=\"elementor-section elementor-top-section elementor-element elementor-element-1dcc5abb elementor-section-full_width elementor-section-height-min-height elementor-section-items-stretch elementor-section-content-bottom elementor-section-height-default\" data-id=\"1dcc5abb\" data-element_type=\"section\" data-e-type=\"section\" data-settings=\"{&quot;background_background&quot;:&quot;classic&quot;}\">\n\t\t\t\t\t\t<div class=\"elementor-container elementor-column-gap-no\">\n\t\t\t\t\t<div class=\"elementor-column elementor-col-50 elementor-top-column elementor-element elementor-element-6d253dae\" data-id=\"6d253dae\" data-element_type=\"column\" data-e-type=\"column\" data-settings=\"{&quot;background_background&quot;:&quot;gradient&quot;}\">\n\t\t\t<div class=\"elementor-widget-wrap elementor-element-populated\">\n\t\t\t\t\t\t<section class=\"elementor-section elementor-inner-section elementor-element elementor-element-41d3fd8 elementor-section-boxed elementor-section-height-default elementor-section-height-default\" data-id=\"41d3fd8\" data-element_type=\"section\" data-e-type=\"section\">\n\t\t\t\t\t\t<div class=\"elementor-container elementor-column-gap-default\">\n\t\t\t\t\t<div class=\"elementor-column elementor-col-100 elementor-inner-column elementor-element elementor-element-cd7f42e\" data-id=\"cd7f42e\" data-element_type=\"column\" data-e-type=\"column\">\n\t\t\t<div class=\"elementor-widget-wrap elementor-element-populated\">\n\t\t\t\t\t\t<div class=\"elementor-element elementor-element-8ba6f6f elementor-widget elementor-widget-heading\" data-id=\"8ba6f6f\" data-element_type=\"widget\" data-e-type=\"widget\" data-widget_type=\"heading.default\">\n\t\t\t\t<div class=\"elementor-widget-container\">\n\t\t\t\t\t<h6 class=\"elementor-heading-title elementor-size-medium\">Livret<br><i>L'esprit d'Auroville<\/i><br><br>Lettres au pr\u00e9sident du conseil d'administration d'Auroville<\/h6>\t\t\t\t<\/div>\n\t\t\t\t<\/div>\n\t\t\t\t<div class=\"elementor-element elementor-element-890f8b3 elementor-widget elementor-widget-heading\" data-id=\"890f8b3\" data-element_type=\"widget\" data-e-type=\"widget\" data-widget_type=\"heading.default\">\n\t\t\t\t<div class=\"elementor-widget-container\">\n\t\t\t\t\t<div class=\"elementor-heading-title elementor-size-medium\">Novembre 2022<\/div>\t\t\t\t<\/div>\n\t\t\t\t<\/div>\n\t\t\t\t\t<\/div>\n\t\t<\/div>\n\t\t\t\t\t<\/div>\n\t\t<\/section>\n\t\t\t\t\t<\/div>\n\t\t<\/div>\n\t\t\t\t<div class=\"elementor-column elementor-col-50 elementor-top-column elementor-element elementor-element-d24612c\" data-id=\"d24612c\" data-element_type=\"column\" data-e-type=\"column\" data-settings=\"{&quot;background_background&quot;:&quot;classic&quot;}\">\n\t\t\t<div class=\"elementor-widget-wrap elementor-element-populated\">\n\t\t\t\t\t\t\t<\/div>\n\t\t<\/div>\n\t\t\t\t\t<\/div>\n\t\t<\/section>\n\t\t\t\t<section class=\"elementor-section elementor-top-section elementor-element elementor-element-fd78429 elementor-section-full_width elementor-section-content-top elementor-section-height-default elementor-section-height-default\" data-id=\"fd78429\" data-element_type=\"section\" data-e-type=\"section\" data-settings=\"{&quot;background_background&quot;:&quot;classic&quot;}\">\n\t\t\t\t\t\t<div class=\"elementor-container elementor-column-gap-no\">\n\t\t\t\t\t<div class=\"elementor-column elementor-col-50 elementor-top-column elementor-element elementor-element-229b20e\" data-id=\"229b20e\" data-element_type=\"column\" data-e-type=\"column\" data-settings=\"{&quot;background_background&quot;:&quot;classic&quot;}\">\n\t\t\t<div class=\"elementor-widget-wrap elementor-element-populated\">\n\t\t\t\t\t\t<div class=\"elementor-element elementor-element-615f145 elementor-widget elementor-widget-heading\" data-id=\"615f145\" data-element_type=\"widget\" data-e-type=\"widget\" data-widget_type=\"heading.default\">\n\t\t\t\t<div class=\"elementor-widget-container\">\n\t\t\t\t\t<h6 class=\"elementor-heading-title elementor-size-default\">Quel est l'objet de cette brochure ? <\/h6>\t\t\t\t<\/div>\n\t\t\t\t<\/div>\n\t\t\t\t<div class=\"elementor-element elementor-element-7305c27 elementor-widget elementor-widget-text-editor\" data-id=\"7305c27\" data-element_type=\"widget\" data-e-type=\"widget\" data-widget_type=\"text-editor.default\">\n\t\t\t\t<div class=\"elementor-widget-container\">\n\t\t\t\t\t\t\t\t\t<p>Apr\u00e8s 11 mois d'une division douloureuse caus\u00e9e par la mise en \u0153uvre forc\u00e9e du Master Plan et l'escalade des provocations, M. RN Ravi, Pr\u00e9sident du Conseil d'Administration de la Fondation d'Auroville, a finalement appel\u00e9 \u00e0 rencontrer l'Assembl\u00e9e des R\u00e9sidents de la Fondation d'Auroville le 7 novembre 2022.<\/p><p>Les habitants sont venus par centaines pour avoir l'occasion de dialoguer, dans l'espoir de discuter de la mani\u00e8re d'aller de l'avant ensemble.<\/p><p>Un discours a \u00e9t\u00e9 prononc\u00e9, dont la transcription est disponible en annexe. Aucun espace d'interaction n'a \u00e9t\u00e9 propos\u00e9.<\/p><p>Au lieu de cela, les r\u00e9sidents ont \u00e9t\u00e9 invit\u00e9s \u00e0 envoyer leurs suggestions par courrier \u00e9lectronique.<\/p><p>Le livret ci-joint est une compilation de ces lettres envoy\u00e9es par des r\u00e9sidents d'Auroville au Pr\u00e9sident et au Conseil d'administration, avec l'humble espoir qu'elles seront lues.<\/p><p>Chaque lettre repr\u00e9sente de mani\u00e8re unique la diversit\u00e9 des instruments qui composent l'orchestre d'Auroville - ce qui fait souffrir chacun d'entre nous, ce qui affecte chacun d'entre nous, comment cela s'agite en chacun d'entre nous, et le choix de la r\u00e9ponse que chacun d'entre nous fait, s'harmonisant en quelque sorte en une symphonie dont Elle seule est le chef d'orchestre.<\/p>\t\t\t\t\t\t\t\t<\/div>\n\t\t\t\t<\/div>\n\t\t\t\t\t<\/div>\n\t\t<\/div>\n\t\t\t\t<div class=\"elementor-column elementor-col-50 elementor-top-column elementor-element elementor-element-2be1e4d\" data-id=\"2be1e4d\" data-element_type=\"column\" data-e-type=\"column\" data-settings=\"{&quot;background_background&quot;:&quot;classic&quot;}\">\n\t\t\t<div class=\"elementor-widget-wrap elementor-element-populated\">\n\t\t\t\t\t\t<div class=\"elementor-element elementor-element-25179dc elementor-widget elementor-widget-heading\" data-id=\"25179dc\" data-element_type=\"widget\" data-e-type=\"widget\" data-widget_type=\"heading.default\">\n\t\t\t\t<div class=\"elementor-widget-container\">\n\t\t\t\t\t<h6 class=\"elementor-heading-title elementor-size-default\">T\u00e9l\u00e9charger la brochure<\/h6>\t\t\t\t<\/div>\n\t\t\t\t<\/div>\n\t\t\t\t<section class=\"elementor-section elementor-inner-section elementor-element elementor-element-2782c24 elementor-section-boxed elementor-section-height-default elementor-section-height-default\" data-id=\"2782c24\" data-element_type=\"section\" data-e-type=\"section\">\n\t\t\t\t\t\t<div class=\"elementor-container elementor-column-gap-default\">\n\t\t\t\t\t<div class=\"elementor-column elementor-col-100 elementor-inner-column elementor-element elementor-element-14afd8c\" data-id=\"14afd8c\" data-element_type=\"column\" data-e-type=\"column\" data-settings=\"{&quot;background_background&quot;:&quot;classic&quot;}\">\n\t\t\t<div class=\"elementor-widget-wrap elementor-element-populated\">\n\t\t\t\t\t\t<div class=\"elementor-element elementor-element-741478a elementor-widget elementor-widget-heading\" data-id=\"741478a\" data-element_type=\"widget\" data-e-type=\"widget\" data-widget_type=\"heading.default\">\n\t\t\t\t<div class=\"elementor-widget-container\">\n\t\t\t\t\t<h3 class=\"elementor-heading-title elementor-size-default\"><a href=\"https:\/\/auroville.media\/wp-content\/uploads\/2023\/01\/ONLINE-version-The-Spirit-of-Auroville.pdf\"><i>L'esprit d'Auroville<\/i><br>Lettres au pr\u00e9sident du conseil de direction<\/a><\/h3>\t\t\t\t<\/div>\n\t\t\t\t<\/div>\n\t\t\t\t<div class=\"elementor-element elementor-element-d96290a elementor-widget elementor-widget-text-editor\" data-id=\"d96290a\" data-element_type=\"widget\" data-e-type=\"widget\" data-widget_type=\"text-editor.default\">\n\t\t\t\t<div class=\"elementor-widget-container\">\n\t\t\t\t\t\t\t\t\t<p><em>24 lettres - 124 pages - Novembre 2022<\/em><\/p>\t\t\t\t\t\t\t\t<\/div>\n\t\t\t\t<\/div>\n\t\t\t\t\t<\/div>\n\t\t<\/div>\n\t\t\t\t\t<\/div>\n\t\t<\/section>\n\t\t\t\t<div class=\"elementor-element elementor-element-d79dcd7 elementor-widget elementor-widget-button\" data-id=\"d79dcd7\" data-element_type=\"widget\" data-e-type=\"widget\" data-widget_type=\"button.default\">\n\t\t\t\t<div class=\"elementor-widget-container\">\n\t\t\t\t\t\t\t\t\t<div class=\"elementor-button-wrapper\">\n\t\t\t\t\t<a class=\"elementor-button elementor-button-link elementor-size-sm\" href=\"https:\/\/auroville.media\/wp-content\/uploads\/2023\/01\/ONLINE-version-The-Spirit-of-Auroville.pdf\" target=\"_blank\">\n\t\t\t\t\t\t<span class=\"elementor-button-content-wrapper\">\n\t\t\t\t\t\t<span class=\"elementor-button-icon\">\n\t\t\t\t<i aria-hidden=\"true\" class=\"fas fa-caret-right\"><\/i>\t\t\t<\/span>\n\t\t\t\t\t\t\t\t\t<span class=\"elementor-button-text\">T\u00e9l\u00e9charger la brochure (PDF, 80Mb)<\/span>\n\t\t\t\t\t<\/span>\n\t\t\t\t\t<\/a>\n\t\t\t\t<\/div>\n\t\t\t\t\t\t\t\t<\/div>\n\t\t\t\t<\/div>\n\t\t\t\t\t<\/div>\n\t\t<\/div>\n\t\t\t\t\t<\/div>\n\t\t<\/section>\n\t\t\t\t<section class=\"elementor-section elementor-top-section elementor-element elementor-element-17d577a elementor-section-full_width elementor-section-height-default elementor-section-height-default\" data-id=\"17d577a\" data-element_type=\"section\" data-e-type=\"section\">\n\t\t\t\t\t\t<div class=\"elementor-container elementor-column-gap-default\">\n\t\t\t\t\t<div class=\"elementor-column elementor-col-100 elementor-top-column elementor-element elementor-element-360a989\" data-id=\"360a989\" data-element_type=\"column\" data-e-type=\"column\">\n\t\t\t<div class=\"elementor-widget-wrap elementor-element-populated\">\n\t\t\t\t\t\t<div class=\"elementor-element elementor-element-97f7bbf elementor-widget elementor-widget-shortcode\" data-id=\"97f7bbf\" data-element_type=\"widget\" data-e-type=\"widget\" data-widget_type=\"shortcode.default\">\n\t\t\t\t<div class=\"elementor-widget-container\">\n\t\t\t\t\t\t\t<div class=\"elementor-shortcode\"><div class=\"_df_book df-lite\" id=\"df_30459\"  _slug=\"30459\" data-title=\"the-spirit-of-auroville\" wpoptions=\"true\" thumb=\"https:\/\/auroville.media\/wp-content\/uploads\/2023\/01\/The-Spirit-of-Auroville-DIGITAL.jpg\" thumbtype=\"\" ><\/div><script class=\"df-shortcode-script\" nowprocket type=\"application\/javascript\">window.option_df_30459 = {\"outline\":[],\"autoEnableOutline\":\"false\",\"autoEnableThumbnail\":\"false\",\"overwritePDFOutline\":\"false\",\"direction\":\"1\",\"pageSize\":\"0\",\"source\":\"https:\\\/\\\/auroville.media\\\/wp-content\\\/uploads\\\/2023\\\/01\\\/ONLINE-version-The-Spirit-of-Auroville.pdf\",\"wpOptions\":\"true\"}; if(window.DFLIP && window.DFLIP.parseBooks){window.DFLIP.parseBooks();}<\/script><\/div>\n\t\t\t\t\t\t<\/div>\n\t\t\t\t<\/div>\n\t\t\t\t\t<\/div>\n\t\t<\/div>\n\t\t\t\t\t<\/div>\n\t\t<\/section>\n\t\t\t\t<\/div>","protected":false},"excerpt":{"rendered":"<p>BookletThe Spirit of Auroville Letters to the Chairman of the Auroville Governing Board November 2022\u200b What is this booklet about? After 11 months of a painful divide caused by the forcible implementation of the Master Plan and subsequently escalating provocations, Mr. RN Ravi, Chairman of the Governing Board of the Auroville Foundation finally called to [&hellip;]<\/p>\n","protected":false},"author":3,"featured_media":0,"parent":0,"menu_order":0,"comment_status":"closed","ping_status":"closed","template":"","meta":{"_monsterinsights_skip_tracking":false,"_monsterinsights_sitenote_active":false,"_monsterinsights_sitenote_note":"","_monsterinsights_sitenote_category":0,"episode_type":"","audio_file":"","podmotor_file_id":"","podmotor_episode_id":"","cover_image":"","cover_image_id":"","duration":"","filesize":"","filesize_raw":"","date_recorded":"","explicit":"","block":"","footnotes":""},"class_list":["post-30335","page","type-page","status-publish","hentry"],"aioseo_notices":[],"_links":{"self":[{"href":"https:\/\/auroville.media\/fr\/wp-json\/wp\/v2\/pages\/30335","targetHints":{"allow":["GET"]}}],"collection":[{"href":"https:\/\/auroville.media\/fr\/wp-json\/wp\/v2\/pages"}],"about":[{"href":"https:\/\/auroville.media\/fr\/wp-json\/wp\/v2\/types\/page"}],"author":[{"embeddable":true,"href":"https:\/\/auroville.media\/fr\/wp-json\/wp\/v2\/users\/3"}],"replies":[{"embeddable":true,"href":"https:\/\/auroville.media\/fr\/wp-json\/wp\/v2\/comments?post=30335"}],"version-history":[{"count":42,"href":"https:\/\/auroville.media\/fr\/wp-json\/wp\/v2\/pages\/30335\/revisions"}],"predecessor-version":[{"id":31905,"href":"https:\/\/auroville.media\/fr\/wp-json\/wp\/v2\/pages\/30335\/revisions\/31905"}],"wp:attachment":[{"href":"https:\/\/auroville.media\/fr\/wp-json\/wp\/v2\/media?parent=30335"}],"curies":[{"name":"wp","href":"https:\/\/api.w.org\/{rel}","templated":true}]}}