{"id":29106,"date":"2022-07-24T08:26:23","date_gmt":"2022-07-24T02:56:23","guid":{"rendered":"https:\/\/auroville.media\/?page_id=29106"},"modified":"2023-12-28T12:00:45","modified_gmt":"2023-12-28T06:30:45","slug":"achievements","status":"publish","type":"page","link":"https:\/\/auroville.media\/fr\/achievements\/","title":{"rendered":"Plus de 50 ans de r\u00e9alisations"},"content":{"rendered":"<div data-elementor-type=\"wp-page\" data-elementor-id=\"29106\" class=\"elementor elementor-29106\" data-elementor-post-type=\"page\">\n\t\t\t\t\t\t<section class=\"elementor-section elementor-top-section elementor-element elementor-element-b9db526 elementor-section-full_width elementor-section-height-min-height elementor-section-items-stretch elementor-section-content-top elementor-section-height-default\" data-id=\"b9db526\" data-element_type=\"section\" data-e-type=\"section\" data-settings=\"{&quot;background_background&quot;:&quot;classic&quot;}\">\n\t\t\t\t\t\t<div class=\"elementor-container elementor-column-gap-no\">\n\t\t\t\t\t<div class=\"elementor-column elementor-col-50 elementor-top-column elementor-element elementor-element-248d49b\" data-id=\"248d49b\" data-element_type=\"column\" data-e-type=\"column\" data-settings=\"{&quot;background_background&quot;:&quot;gradient&quot;}\">\n\t\t\t<div class=\"elementor-widget-wrap elementor-element-populated\">\n\t\t\t\t\t\t<section class=\"elementor-section elementor-inner-section elementor-element elementor-element-e0e89ef elementor-section-boxed elementor-section-height-default elementor-section-height-default\" data-id=\"e0e89ef\" data-element_type=\"section\" data-e-type=\"section\">\n\t\t\t\t\t\t<div class=\"elementor-container elementor-column-gap-default\">\n\t\t\t\t\t<div class=\"elementor-column elementor-col-100 elementor-inner-column elementor-element elementor-element-9f4b82b\" data-id=\"9f4b82b\" data-element_type=\"column\" data-e-type=\"column\">\n\t\t\t<div class=\"elementor-widget-wrap elementor-element-populated\">\n\t\t\t\t\t\t<div class=\"elementor-element elementor-element-57a5e81 elementor-widget elementor-widget-heading\" data-id=\"57a5e81\" data-element_type=\"widget\" data-e-type=\"widget\" data-widget_type=\"heading.default\">\n\t\t\t\t<div class=\"elementor-widget-container\">\n\t\t\t\t\t<h1 class=\"elementor-heading-title elementor-size-default\">Qu'est-ce qu'Auroville a r\u00e9alis\u00e9 au cours des 50 derni\u00e8res ann\u00e9es ?<\/h1>\t\t\t\t<\/div>\n\t\t\t\t<\/div>\n\t\t\t\t<div class=\"elementor-element elementor-element-9e8db4d elementor-widget elementor-widget-text-editor\" data-id=\"9e8db4d\" data-element_type=\"widget\" data-e-type=\"widget\" data-widget_type=\"text-editor.default\">\n\t\t\t\t<div class=\"elementor-widget-container\">\n\t\t\t\t\t\t\t\t\t<p>Depuis sa cr\u00e9ation, Auroville est un point n\u00e9vralgique du travail \u00e9cologique et de l'innovation sociale. Dans les secteurs de l'\u00e9ducation, de l'agriculture, de la reforestation, de l'\u00e9nergie, de la gestion des d\u00e9chets, de l'architecture et de la construction de communaut\u00e9s, Auroville a jou\u00e9 un r\u00f4le exemplaire en ancrant des id\u00e9aux abstraits dans un laboratoire vivant unique.<\/p>\t\t\t\t\t\t\t\t<\/div>\n\t\t\t\t<\/div>\n\t\t\t\t\t<\/div>\n\t\t<\/div>\n\t\t\t\t\t<\/div>\n\t\t<\/section>\n\t\t\t\t\t<\/div>\n\t\t<\/div>\n\t\t\t\t<div class=\"elementor-column elementor-col-50 elementor-top-column elementor-element elementor-element-d2d9591\" data-id=\"d2d9591\" data-element_type=\"column\" data-e-type=\"column\" data-settings=\"{&quot;background_background&quot;:&quot;classic&quot;}\">\n\t\t\t<div class=\"elementor-widget-wrap elementor-element-populated\">\n\t\t\t\t\t\t\t<\/div>\n\t\t<\/div>\n\t\t\t\t\t<\/div>\n\t\t<\/section>\n\t\t\t\t<section class=\"elementor-section elementor-top-section elementor-element elementor-element-615e243 elementor-section-full_width elementor-section-content-bottom elementor-section-height-default elementor-section-height-default\" data-id=\"615e243\" data-element_type=\"section\" data-e-type=\"section\">\n\t\t\t\t\t\t<div class=\"elementor-container elementor-column-gap-no\">\n\t\t\t\t\t<div class=\"elementor-column elementor-col-50 elementor-top-column elementor-element elementor-element-06a38e9\" data-id=\"06a38e9\" data-element_type=\"column\" data-e-type=\"column\" data-settings=\"{&quot;background_background&quot;:&quot;classic&quot;}\">\n\t\t\t<div class=\"elementor-widget-wrap elementor-element-populated\">\n\t\t\t\t\t\t<section class=\"elementor-section elementor-inner-section elementor-element elementor-element-88c6182 elementor-section-boxed elementor-section-height-default elementor-section-height-default\" data-id=\"88c6182\" data-element_type=\"section\" data-e-type=\"section\">\n\t\t\t\t\t\t<div class=\"elementor-container elementor-column-gap-default\">\n\t\t\t\t\t<div class=\"elementor-column elementor-col-100 elementor-inner-column elementor-element elementor-element-35007d5\" data-id=\"35007d5\" data-element_type=\"column\" data-e-type=\"column\">\n\t\t\t<div class=\"elementor-widget-wrap elementor-element-populated\">\n\t\t\t\t\t\t<div class=\"elementor-element elementor-element-5544ec9 elementor-widget elementor-widget-text-editor\" data-id=\"5544ec9\" data-element_type=\"widget\" data-e-type=\"widget\" data-widget_type=\"text-editor.default\">\n\t\t\t\t<div class=\"elementor-widget-container\">\n\t\t\t\t\t\t\t\t\t<p>Prenons l'exemple de l'agriculture biologique : le c\u00e9l\u00e8bre gourou Nammazhwar, agriculteur tamoul, avait l'habitude de fr\u00e9quenter Auroville et d'apprendre aux c\u00f4t\u00e9s des pionniers de la r\u00e9g\u00e9n\u00e9ration des sols au Pebble Garden. Dans le domaine des \u00e9nergies renouvelables, Auroville a \u00e9t\u00e9 \u00e0 l'avant-garde de l'adoption des \u00e9oliennes et des premiers pas de l'\u00e9nergie solaire.<\/p>\n<p>Dans les domaines de l'architecture et de la sylviculture, l'h\u00e9ritage se perp\u00e9tue et de nombreux programmes du XXIe si\u00e8cle trouvent \u00e0 Auroville une source d'inspiration et cherchent \u00e0 \u00e9tablir des partenariats. Pour les \u00e9coles d'architecture de toute l'Inde, envoyer leurs \u00e9tudiants \u00e0 Auroville est devenu un \u00e9l\u00e9ment respect\u00e9 de leur programme d'\u00e9tudes.<\/p>\n<p>Les for\u00eats d'Auroville racontent une histoire presque mythique o\u00f9 l'homme agit comme une force positive pour inverser le processus de d\u00e9sertification. Aujourd'hui, les p\u00e9pini\u00e8res d'Auroville agissent comme des bosquets sacr\u00e9s, qui favorisent la reforestation dans tout le pays.<\/p>\n<p>Les initiatives d'Auroville en mati\u00e8re d'\u00e9ducation ont incit\u00e9 d'innombrables enseignants \u00e0 essayer nos mod\u00e8les alternatifs d'enseignement et d'apprentissage en Inde et \u00e0 l'\u00e9tranger.<\/p>\n<p>Site de travail int\u00e9rieur et ext\u00e9rieur, Auroville a accueilli des dizaines de milliers de volontaires et de r\u00e9sidents \u00e0 court terme, qui ont fait l'exp\u00e9rience qu'un autre monde est possible gr\u00e2ce au yoga int\u00e9gral et au karma yoga.<\/p>\n<p>Bien qu'elle soit actuellement sous pression, la gouvernance d'Auroville se distingue comme l'exp\u00e9rience la plus ancienne de coexistence et de co-cr\u00e9ation interculturelle et interdisciplinaire.<\/p>\n<p>Les habitants d'Auroville sont r\u00e9put\u00e9s pour leur sens artistique et les podiums d'Auroville font office de centre de gravit\u00e9 artistique et culturel.<\/p>\t\t\t\t\t\t\t\t<\/div>\n\t\t\t\t<\/div>\n\t\t\t\t\t<\/div>\n\t\t<\/div>\n\t\t\t\t\t<\/div>\n\t\t<\/section>\n\t\t\t\t\t<\/div>\n\t\t<\/div>\n\t\t\t\t<div class=\"elementor-column elementor-col-50 elementor-top-column elementor-element elementor-element-5c5ee0b elementor-hidden-mobile elementor-hidden-tablet\" data-id=\"5c5ee0b\" data-element_type=\"column\" data-e-type=\"column\" data-settings=\"{&quot;background_background&quot;:&quot;classic&quot;}\">\n\t\t\t<div class=\"elementor-widget-wrap\">\n\t\t\t\t\t\t\t<\/div>\n\t\t<\/div>\n\t\t\t\t\t<\/div>\n\t\t<\/section>\n\t\t\t\t<section class=\"elementor-section elementor-top-section elementor-element elementor-element-ce22b69 elementor-section-full_width elementor-section-content-top elementor-section-height-default elementor-section-height-default\" data-id=\"ce22b69\" data-element_type=\"section\" data-e-type=\"section\" data-settings=\"{&quot;background_background&quot;:&quot;classic&quot;}\">\n\t\t\t\t\t\t<div class=\"elementor-container elementor-column-gap-no\">\n\t\t\t\t\t<div class=\"elementor-column elementor-col-50 elementor-top-column elementor-element elementor-element-906e879\" data-id=\"906e879\" data-element_type=\"column\" data-e-type=\"column\" data-settings=\"{&quot;background_background&quot;:&quot;classic&quot;}\">\n\t\t\t<div class=\"elementor-widget-wrap elementor-element-populated\">\n\t\t\t\t\t\t<div class=\"elementor-element elementor-element-8b927e2 elementor-widget elementor-widget-heading\" data-id=\"8b927e2\" data-element_type=\"widget\" data-e-type=\"widget\" data-widget_type=\"heading.default\">\n\t\t\t\t<div class=\"elementor-widget-container\">\n\t\t\t\t\t<h6 class=\"elementor-heading-title elementor-size-default\">Rapport sur le d\u00e9veloppement des actifs d'Auroville<\/h6>\t\t\t\t<\/div>\n\t\t\t\t<\/div>\n\t\t\t\t<section class=\"elementor-section elementor-inner-section elementor-element elementor-element-8aa8352 elementor-section-boxed elementor-section-height-default elementor-section-height-default\" data-id=\"8aa8352\" data-element_type=\"section\" data-e-type=\"section\">\n\t\t\t\t\t\t<div class=\"elementor-container elementor-column-gap-default\">\n\t\t\t\t\t<div class=\"elementor-column elementor-col-50 elementor-inner-column elementor-element elementor-element-30a0186\" data-id=\"30a0186\" data-element_type=\"column\" data-e-type=\"column\" data-settings=\"{&quot;background_background&quot;:&quot;classic&quot;}\">\n\t\t\t<div class=\"elementor-widget-wrap elementor-element-populated\">\n\t\t\t\t\t\t<div class=\"elementor-element elementor-element-3d95659 elementor-widget elementor-widget-image\" data-id=\"3d95659\" data-element_type=\"widget\" data-e-type=\"widget\" data-widget_type=\"image.default\">\n\t\t\t\t<div class=\"elementor-widget-container\">\n\t\t\t\t\t\t\t\t\t\t\t\t\t\t\t\t<a href=\"https:\/\/auroville.media\/wp-content\/uploads\/2023\/12\/Auroville-Assets-Report-December-2023.pdf\">\n\t\t\t\t\t\t\t<img fetchpriority=\"high\" decoding=\"async\" width=\"603\" height=\"856\" src=\"https:\/\/auroville.media\/wp-content\/uploads\/2023\/12\/Auroville-Assets-Report-December-2023-COVER.jpg\" class=\"attachment-large size-large wp-image-31845\" alt=\"\" srcset=\"https:\/\/auroville.media\/wp-content\/uploads\/2023\/12\/Auroville-Assets-Report-December-2023-COVER.jpg 603w, https:\/\/auroville.media\/wp-content\/uploads\/2023\/12\/Auroville-Assets-Report-December-2023-COVER-211x300.jpg 211w, https:\/\/auroville.media\/wp-content\/uploads\/2023\/12\/Auroville-Assets-Report-December-2023-COVER-8x12.jpg 8w\" sizes=\"(max-width: 603px) 100vw, 603px\" \/>\t\t\t\t\t\t\t\t<\/a>\n\t\t\t\t\t\t\t\t\t\t\t\t\t\t\t<\/div>\n\t\t\t\t<\/div>\n\t\t\t\t\t<\/div>\n\t\t<\/div>\n\t\t\t\t<div class=\"elementor-column elementor-col-50 elementor-inner-column elementor-element elementor-element-870b0bc\" data-id=\"870b0bc\" data-element_type=\"column\" data-e-type=\"column\" data-settings=\"{&quot;background_background&quot;:&quot;classic&quot;}\">\n\t\t\t<div class=\"elementor-widget-wrap elementor-element-populated\">\n\t\t\t\t\t\t<div class=\"elementor-element elementor-element-63a70d2 elementor-widget elementor-widget-heading\" data-id=\"63a70d2\" data-element_type=\"widget\" data-e-type=\"widget\" data-widget_type=\"heading.default\">\n\t\t\t\t<div class=\"elementor-widget-container\">\n\t\t\t\t\t<h3 class=\"elementor-heading-title elementor-size-default\"><a href=\"https:\/\/auroville.media\/wp-content\/uploads\/2023\/12\/Auroville-Assets-Report-December-2023.pdf\"><i>Des d\u00e9cennies de d\u00e9vouement de la part de la communaut\u00e9 d'Auroville<\/i><br>D\u00e9cembre 2023<\/a><\/h3>\t\t\t\t<\/div>\n\t\t\t\t<\/div>\n\t\t\t\t<div class=\"elementor-element elementor-element-1b7e5df elementor-widget elementor-widget-text-editor\" data-id=\"1b7e5df\" data-element_type=\"widget\" data-e-type=\"widget\" data-widget_type=\"text-editor.default\">\n\t\t\t\t<div class=\"elementor-widget-container\">\n\t\t\t\t\t\t\t\t\t<p>Ce document offre une vue d'ensemble du d\u00e9veloppement mat\u00e9riel d'Auroville et pr\u00e9sente quelques \u00e9tudes de cas sp\u00e9cifiques sur la mani\u00e8re dont les actifs de la communaut\u00e9 ont \u00e9t\u00e9 d\u00e9velopp\u00e9s \u00e0 ce jour, dans des domaines cl\u00e9s.<\/p>\t\t\t\t\t\t\t\t<\/div>\n\t\t\t\t<\/div>\n\t\t\t\t\t<\/div>\n\t\t<\/div>\n\t\t\t\t\t<\/div>\n\t\t<\/section>\n\t\t\t\t<div class=\"elementor-element elementor-element-5dfceea elementor-widget elementor-widget-button\" data-id=\"5dfceea\" data-element_type=\"widget\" data-e-type=\"widget\" data-widget_type=\"button.default\">\n\t\t\t\t<div class=\"elementor-widget-container\">\n\t\t\t\t\t\t\t\t\t<div class=\"elementor-button-wrapper\">\n\t\t\t\t\t<a class=\"elementor-button elementor-button-link elementor-size-sm\" href=\"https:\/\/auroville.media\/wp-content\/uploads\/2023\/12\/Auroville-Assets-Report-December-2023.pdf\" target=\"_blank\">\n\t\t\t\t\t\t<span class=\"elementor-button-content-wrapper\">\n\t\t\t\t\t\t<span class=\"elementor-button-icon\">\n\t\t\t\t<i aria-hidden=\"true\" class=\"fas fa-caret-right\"><\/i>\t\t\t<\/span>\n\t\t\t\t\t\t\t\t\t<span class=\"elementor-button-text\">T\u00e9l\u00e9charger le rapport (PDF)<\/span>\n\t\t\t\t\t<\/span>\n\t\t\t\t\t<\/a>\n\t\t\t\t<\/div>\n\t\t\t\t\t\t\t\t<\/div>\n\t\t\t\t<\/div>\n\t\t\t\t\t<\/div>\n\t\t<\/div>\n\t\t\t\t<div class=\"elementor-column elementor-col-50 elementor-top-column elementor-element elementor-element-f7dccf5\" data-id=\"f7dccf5\" data-element_type=\"column\" data-e-type=\"column\" data-settings=\"{&quot;background_background&quot;:&quot;classic&quot;}\">\n\t\t\t<div class=\"elementor-widget-wrap elementor-element-populated\">\n\t\t\t\t\t\t<div class=\"elementor-element elementor-element-a628afa elementor-widget elementor-widget-heading\" data-id=\"a628afa\" data-element_type=\"widget\" data-e-type=\"widget\" data-widget_type=\"heading.default\">\n\t\t\t\t<div class=\"elementor-widget-container\">\n\t\t\t\t\t<h6 class=\"elementor-heading-title elementor-size-default\">R\u00e9sum\u00e9 des r\u00e9alisations d'Auroville au cours des 54 derni\u00e8res ann\u00e9es<\/h6>\t\t\t\t<\/div>\n\t\t\t\t<\/div>\n\t\t\t\t<section class=\"elementor-section elementor-inner-section elementor-element elementor-element-1651988 elementor-section-boxed elementor-section-height-default elementor-section-height-default\" data-id=\"1651988\" data-element_type=\"section\" data-e-type=\"section\">\n\t\t\t\t\t\t<div class=\"elementor-container elementor-column-gap-default\">\n\t\t\t\t\t<div class=\"elementor-column elementor-col-50 elementor-inner-column elementor-element elementor-element-7c816b9\" data-id=\"7c816b9\" data-element_type=\"column\" data-e-type=\"column\" data-settings=\"{&quot;background_background&quot;:&quot;classic&quot;}\">\n\t\t\t<div class=\"elementor-widget-wrap elementor-element-populated\">\n\t\t\t\t\t\t<div class=\"elementor-element elementor-element-cab3274 elementor-widget elementor-widget-image\" data-id=\"cab3274\" data-element_type=\"widget\" data-e-type=\"widget\" data-widget_type=\"image.default\">\n\t\t\t\t<div class=\"elementor-widget-container\">\n\t\t\t\t\t\t\t\t\t\t\t\t\t\t\t\t<a href=\"https:\/\/auroville.media\/wp-content\/uploads\/2023\/04\/2022_10_Auroville_\u2013_Brief_introduction_54_years_realisations_En.pdf\">\n\t\t\t\t\t\t\t<img decoding=\"async\" width=\"593\" height=\"834\" src=\"https:\/\/auroville.media\/wp-content\/uploads\/2023\/12\/2022_10_Auroville_\u2013_Brief_introduction_54_years_realisations-COVER.jpg\" class=\"attachment-large size-large wp-image-31846\" alt=\"\" srcset=\"https:\/\/auroville.media\/wp-content\/uploads\/2023\/12\/2022_10_Auroville_\u2013_Brief_introduction_54_years_realisations-COVER.jpg 593w, https:\/\/auroville.media\/wp-content\/uploads\/2023\/12\/2022_10_Auroville_\u2013_Brief_introduction_54_years_realisations-COVER-213x300.jpg 213w, https:\/\/auroville.media\/wp-content\/uploads\/2023\/12\/2022_10_Auroville_\u2013_Brief_introduction_54_years_realisations-COVER-9x12.jpg 9w\" sizes=\"(max-width: 593px) 100vw, 593px\" \/>\t\t\t\t\t\t\t\t<\/a>\n\t\t\t\t\t\t\t\t\t\t\t\t\t\t\t<\/div>\n\t\t\t\t<\/div>\n\t\t\t\t\t<\/div>\n\t\t<\/div>\n\t\t\t\t<div class=\"elementor-column elementor-col-50 elementor-inner-column elementor-element elementor-element-bd2dea1\" data-id=\"bd2dea1\" data-element_type=\"column\" data-e-type=\"column\" data-settings=\"{&quot;background_background&quot;:&quot;classic&quot;}\">\n\t\t\t<div class=\"elementor-widget-wrap elementor-element-populated\">\n\t\t\t\t\t\t<div class=\"elementor-element elementor-element-6f448e4 elementor-widget elementor-widget-heading\" data-id=\"6f448e4\" data-element_type=\"widget\" data-e-type=\"widget\" data-widget_type=\"heading.default\">\n\t\t\t\t<div class=\"elementor-widget-container\">\n\t\t\t\t\t<h3 class=\"elementor-heading-title elementor-size-default\"><a href=\"https:\/\/auroville.media\/wp-content\/uploads\/2023\/04\/2022_10_Auroville_\u2013_Brief_introduction_54_years_realisations_En.pdf\"><i>Une br\u00e8ve introduction et 54 ans de r\u00e9alisations<\/i><br>Derni\u00e8re mise \u00e0 jour en octobre 2022<\/a><\/h3>\t\t\t\t<\/div>\n\t\t\t\t<\/div>\n\t\t\t\t<div class=\"elementor-element elementor-element-76243ef elementor-widget elementor-widget-text-editor\" data-id=\"76243ef\" data-element_type=\"widget\" data-e-type=\"widget\" data-widget_type=\"text-editor.default\">\n\t\t\t\t<div class=\"elementor-widget-container\">\n\t\t\t\t\t\t\t\t\t<p>Ce PDF a pour but de pr\u00e9senter bri\u00e8vement quelques unes des r\u00e9alisations d'Auroville au cours de ses 54 derni\u00e8res ann\u00e9es d'existence. Il convient de noter que tout cela a \u00e9t\u00e9 r\u00e9alis\u00e9 gr\u00e2ce \u00e0 la bonne volont\u00e9, au travail acharn\u00e9 et au d\u00e9vouement fid\u00e8le des Aurovilliens et des bienfaiteurs d'Auroville, \u00e0 travers l'Inde et le monde.\u00a0<\/p>\t\t\t\t\t\t\t\t<\/div>\n\t\t\t\t<\/div>\n\t\t\t\t\t<\/div>\n\t\t<\/div>\n\t\t\t\t\t<\/div>\n\t\t<\/section>\n\t\t\t\t<div class=\"elementor-element elementor-element-1ab7e60 elementor-widget elementor-widget-button\" data-id=\"1ab7e60\" data-element_type=\"widget\" data-e-type=\"widget\" data-widget_type=\"button.default\">\n\t\t\t\t<div class=\"elementor-widget-container\">\n\t\t\t\t\t\t\t\t\t<div class=\"elementor-button-wrapper\">\n\t\t\t\t\t<a class=\"elementor-button elementor-button-link elementor-size-sm\" href=\"https:\/\/auroville.media\/wp-content\/uploads\/2023\/04\/2022_10_Auroville_\u2013_Brief_introduction_54_years_realisations_En.pdf\" target=\"_blank\">\n\t\t\t\t\t\t<span class=\"elementor-button-content-wrapper\">\n\t\t\t\t\t\t<span class=\"elementor-button-icon\">\n\t\t\t\t<i aria-hidden=\"true\" class=\"fas fa-caret-right\"><\/i>\t\t\t<\/span>\n\t\t\t\t\t\t\t\t\t<span class=\"elementor-button-text\">T\u00e9l\u00e9charger le r\u00e9sum\u00e9 (PDF)<\/span>\n\t\t\t\t\t<\/span>\n\t\t\t\t\t<\/a>\n\t\t\t\t<\/div>\n\t\t\t\t\t\t\t\t<\/div>\n\t\t\t\t<\/div>\n\t\t\t\t\t<\/div>\n\t\t<\/div>\n\t\t\t\t\t<\/div>\n\t\t<\/section>\n\t\t\t\t<section class=\"elementor-section elementor-top-section elementor-element elementor-element-1d4e871 elementor-section-boxed elementor-section-height-default elementor-section-height-default\" data-id=\"1d4e871\" data-element_type=\"section\" data-e-type=\"section\">\n\t\t\t\t\t\t<div class=\"elementor-container elementor-column-gap-default\">\n\t\t\t\t\t<div class=\"elementor-column elementor-col-100 elementor-top-column elementor-element elementor-element-45e535d\" data-id=\"45e535d\" data-element_type=\"column\" data-e-type=\"column\">\n\t\t\t<div class=\"elementor-widget-wrap elementor-element-populated\">\n\t\t\t\t\t\t<div class=\"elementor-element elementor-element-e4b42b4 elementor-widget elementor-widget-heading\" data-id=\"e4b42b4\" data-element_type=\"widget\" data-e-type=\"widget\" data-widget_type=\"heading.default\">\n\t\t\t\t<div class=\"elementor-widget-container\">\n\t\t\t\t\t<h6 class=\"elementor-heading-title elementor-size-default\">En savoir plus sur le d\u00e9veloppement des actifs d'Auroville<\/h6>\t\t\t\t<\/div>\n\t\t\t\t<\/div>\n\t\t\t\t\t<\/div>\n\t\t<\/div>\n\t\t\t\t\t<\/div>\n\t\t<\/section>\n\t\t\t\t<section class=\"elementor-section elementor-top-section elementor-element elementor-element-286e1ae elementor-section-full_width elementor-section-height-default elementor-section-height-default\" data-id=\"286e1ae\" data-element_type=\"section\" data-e-type=\"section\">\n\t\t\t\t\t\t<div class=\"elementor-container elementor-column-gap-no\">\n\t\t\t\t\t<div class=\"elementor-column elementor-col-100 elementor-top-column elementor-element elementor-element-5276623\" data-id=\"5276623\" data-element_type=\"column\" data-e-type=\"column\">\n\t\t\t<div class=\"elementor-widget-wrap elementor-element-populated\">\n\t\t\t\t\t\t<div class=\"elementor-element elementor-element-c1814c2 elementor-widget elementor-widget-shortcode\" data-id=\"c1814c2\" data-element_type=\"widget\" data-e-type=\"widget\" data-widget_type=\"shortcode.default\">\n\t\t\t\t<div class=\"elementor-widget-container\">\n\t\t\t\t\t\t\t<div class=\"elementor-shortcode\"><div class=\"_df_book df-lite\" id=\"df_31850\"  _slug=\"the-development-of-aurovilles-assets\" data-title=\"the-development-of-aurovilles-assets\" wpoptions=\"true\" thumb=\"https:\/\/auroville.media\/wp-content\/uploads\/2023\/12\/Auroville-Assets-Report-December-2023-COVER.jpg\" thumbtype=\"\" ><\/div><script class=\"df-shortcode-script\" nowprocket type=\"application\/javascript\">window.option_df_31850 = {\"outline\":[],\"autoEnableOutline\":\"false\",\"autoEnableThumbnail\":\"false\",\"overwritePDFOutline\":\"false\",\"direction\":\"1\",\"pageSize\":\"0\",\"source\":\"https:\\\/\\\/auroville.media\\\/wp-content\\\/uploads\\\/2023\\\/12\\\/Auroville-Assets-Report-December-2023.pdf\",\"wpOptions\":\"true\"}; if(window.DFLIP && window.DFLIP.parseBooks){window.DFLIP.parseBooks();}<\/script><\/div>\n\t\t\t\t\t\t<\/div>\n\t\t\t\t<\/div>\n\t\t\t\t\t<\/div>\n\t\t<\/div>\n\t\t\t\t\t<\/div>\n\t\t<\/section>\n\t\t\t\t<\/div>","protected":false},"excerpt":{"rendered":"<p>What has Auroville achieved over the past 50+ years?\u200b Auroville has been a hotspot of green work and social innovation since its inception. Across the sectors of education, agriculture, reforestation, energy, waste management, architecture and community building, Auroville has played an exemplary role in grounding abstract ideals in a unique living laboratory. Take organic farming [&hellip;]<\/p>\n","protected":false},"author":1,"featured_media":0,"parent":0,"menu_order":0,"comment_status":"closed","ping_status":"closed","template":"","meta":{"_monsterinsights_skip_tracking":false,"_monsterinsights_sitenote_active":false,"_monsterinsights_sitenote_note":"","_monsterinsights_sitenote_category":0,"episode_type":"","audio_file":"","podmotor_file_id":"","podmotor_episode_id":"","cover_image":"","cover_image_id":"","duration":"","filesize":"","filesize_raw":"","date_recorded":"","explicit":"","block":"","footnotes":""},"class_list":["post-29106","page","type-page","status-publish","hentry"],"aioseo_notices":[],"_links":{"self":[{"href":"https:\/\/auroville.media\/fr\/wp-json\/wp\/v2\/pages\/29106","targetHints":{"allow":["GET"]}}],"collection":[{"href":"https:\/\/auroville.media\/fr\/wp-json\/wp\/v2\/pages"}],"about":[{"href":"https:\/\/auroville.media\/fr\/wp-json\/wp\/v2\/types\/page"}],"author":[{"embeddable":true,"href":"https:\/\/auroville.media\/fr\/wp-json\/wp\/v2\/users\/1"}],"replies":[{"embeddable":true,"href":"https:\/\/auroville.media\/fr\/wp-json\/wp\/v2\/comments?post=29106"}],"version-history":[{"count":85,"href":"https:\/\/auroville.media\/fr\/wp-json\/wp\/v2\/pages\/29106\/revisions"}],"predecessor-version":[{"id":31858,"href":"https:\/\/auroville.media\/fr\/wp-json\/wp\/v2\/pages\/29106\/revisions\/31858"}],"wp:attachment":[{"href":"https:\/\/auroville.media\/fr\/wp-json\/wp\/v2\/media?parent=29106"}],"curies":[{"name":"wp","href":"https:\/\/api.w.org\/{rel}","templated":true}]}}